{"id":698,"date":"2025-11-13T12:36:29","date_gmt":"2025-11-13T17:36:29","guid":{"rendered":"https:\/\/telecomsat.ca\/?page_id=698"},"modified":"2025-12-02T06:51:25","modified_gmt":"2025-12-02T11:51:25","slug":"linkpower-backpack","status":"publish","type":"page","link":"https:\/\/telecomsat.ca\/en\/linkpower-backpack\/","title":{"rendered":"Linkpower Backpack"},"content":{"rendered":"<p>[et_pb_section fb_built=&#8221;1&#8243; _builder_version=&#8221;4.27.0&#8243; _module_preset=&#8221;default&#8221; use_background_color_gradient=&#8221;on&#8221; background_color_gradient_stops=&#8221;rgba(42,43,94,0.66) 0%|rgba(42,43,94,0.46) 100%&#8221; background_color_gradient_overlays_image=&#8221;on&#8221; background_color_gradient_start=&#8221;rgba(42,43,94,0.66)&#8221; background_color_gradient_end=&#8221;rgba(42,43,94,0.46)&#8221; background_image=&#8221;https:\/\/telecomsat.ca\/wp-content\/uploads\/2025\/11\/LinkPowerBackPackWithSolar.png&#8221; global_colors_info=&#8221;{}&#8221;][et_pb_row _builder_version=&#8221;4.16&#8243; _module_preset=&#8221;default&#8221; global_colors_info=&#8221;{}&#8221;][et_pb_column type=&#8221;4_4&#8243; _builder_version=&#8221;4.16&#8243; _module_preset=&#8221;default&#8221; global_colors_info=&#8221;{}&#8221;][et_pb_text _builder_version=&#8221;4.16&#8243; _module_preset=&#8221;default&#8221; header_font=&#8221;Montserrat|700|||||||&#8221; header_text_color=&#8221;#FFFFFF&#8221; header_font_size=&#8221;60px&#8221; custom_padding=&#8221;4vw||4vw||false|false&#8221; locked=&#8221;off&#8221; global_colors_info=&#8221;{}&#8221;]<\/p>\n<h1 style=\"text-align: center;\">Linkpower Backpack<\/h1>\n<p>[\/et_pb_text][\/et_pb_column][\/et_pb_row][\/et_pb_section][et_pb_section fb_built=&#8221;1&#8243; _builder_version=&#8221;4.16&#8243; _module_preset=&#8221;default&#8221; use_background_color_gradient=&#8221;on&#8221; background_color_gradient_stops=&#8221;#372645 0%|#1d1a35 100%&#8221; background_color_gradient_start=&#8221;#372645&#8243; background_color_gradient_end=&#8221;#1d1a35&#8243; custom_margin=&#8221;||||false|false&#8221; custom_padding=&#8221;||||false|false&#8221; locked=&#8221;off&#8221; global_colors_info=&#8221;{}&#8221;][et_pb_row _builder_version=&#8221;4.16&#8243; _module_preset=&#8221;default&#8221; global_colors_info=&#8221;{}&#8221;][et_pb_column type=&#8221;4_4&#8243; _builder_version=&#8221;4.16&#8243; _module_preset=&#8221;default&#8221; global_colors_info=&#8221;{}&#8221;][et_pb_text _builder_version=&#8221;4.16&#8243; _module_preset=&#8221;default&#8221; header_2_font=&#8221;Montserrat|700|||||||&#8221; header_2_text_align=&#8221;center&#8221; header_2_text_color=&#8221;#FFFFFF&#8221; header_2_font_size=&#8221;32px&#8221; header_2_line_height=&#8221;1.2em&#8221; global_colors_info=&#8221;{}&#8221;]<\/p>\n<h2>The Backpack Kit Combining Starlink Mini With Full Energy Autonomy<\/h2>\n<p>[\/et_pb_text][et_pb_text _builder_version=&#8221;4.16&#8243; _module_preset=&#8221;default&#8221; text_font=&#8221;Roboto||||||||&#8221; text_text_color=&#8221;#FFFFFF&#8221; text_font_size=&#8221;21px&#8221; text_line_height=&#8221;1.5em&#8221; text_orientation=&#8221;center&#8221; locked=&#8221;off&#8221; global_colors_info=&#8221;{}&#8221;]<\/p>\n<p style=\"text-align: justify;\">Designed specifically for the compact power of the Starlink Mini, this backpack is your ultimate mobile connectivity companion. With a dedicated, hard shell compartment to protect your Starlink dish, integrated cable management, and rugged weather-resistant materials, the LinkPower Backpack ensures you\u2019re always ready to deploy high-speed internet\u2014no matter how remote the adventure.<\/p>\n<p style=\"text-align: justify;\">Unique to this backpack is its custom power bay\u2014capable of securely holding up to four power banks with built-in linking support, letting you combine their output for extended, uninterrupted connectivity. Lightweight, durable, and built for the modern explorer, it\u2019s the perfect blend of form, function, and freedom.<\/p>\n<p>[\/et_pb_text][\/et_pb_column][\/et_pb_row][\/et_pb_section][et_pb_section fb_built=&#8221;1&#8243; fullwidth=&#8221;on&#8221; theme_builder_area=&#8221;post_content&#8221; _builder_version=&#8221;4.27.0&#8243; _module_preset=&#8221;default&#8221;][et_pb_fullwidth_image src=&#8221;https:\/\/telecomsat.ca\/wp-content\/uploads\/2025\/12\/LinkPowerBackpackEN-scaled.jpg&#8221; _builder_version=&#8221;4.27.0&#8243; _module_preset=&#8221;default&#8221; theme_builder_area=&#8221;post_content&#8221; title_text=&#8221;LinkPowerBackpackEN&#8221; hover_enabled=&#8221;0&#8243; sticky_enabled=&#8221;0&#8243;][\/et_pb_fullwidth_image][\/et_pb_section][et_pb_section fb_built=&#8221;1&#8243; _builder_version=&#8221;4.16&#8243; _module_preset=&#8221;default&#8221; global_colors_info=&#8221;{}&#8221;][et_pb_row column_structure=&#8221;1_2,1_2&#8243; make_equal=&#8221;on&#8221; module_id=&#8221;9555&#8243; _builder_version=&#8221;4.16&#8243; _module_preset=&#8221;default&#8221; global_colors_info=&#8221;{}&#8221;][et_pb_column type=&#8221;1_2&#8243; _builder_version=&#8221;4.16&#8243; _module_preset=&#8221;default&#8221; global_colors_info=&#8221;{}&#8221;][et_pb_text disabled_on=&#8221;off|off|off&#8221; _builder_version=&#8221;4.16&#8243; _module_preset=&#8221;default&#8221; text_font=&#8221;Roboto|300|||||||&#8221; text_text_color=&#8221;#000000&#8243; text_font_size=&#8221;16px&#8221; ul_font_size=&#8221;18px&#8221; custom_margin=&#8221;0px||||false|false&#8221; custom_padding=&#8221;0px||||false|false&#8221; locked=&#8221;off&#8221; global_colors_info=&#8221;{}&#8221;]<\/p>\n<ul>\n<li><span style=\"font-size: 18px;\">Material : Oxford Cloth Leather Film (Water resistent)<\/span><\/li>\n<li>Dimensions : 35 x 48 x 25 mm<\/li>\n<li>Full Kit Weight : 1.75kg<\/li>\n<li>Color : Black\u00a0<\/li>\n<li>Sollar Panel (Optional) : Fusion 60 Watts (up to 2 units)<\/li>\n<li>PowerBank (Optional) : Gravity 27 Pro (up to 3 units)<\/li>\n<\/ul>\n<p>Starting from 916$<\/p>\n<p>[\/et_pb_text][et_pb_button button_url=&#8221;https:\/\/telecomsat.ca\/en\/contact\/&#8221; button_text=&#8221;Contact Us&#8221; button_alignment=&#8221;left&#8221; _builder_version=&#8221;4.27.0&#8243; _module_preset=&#8221;default&#8221; custom_button=&#8221;on&#8221; button_text_color=&#8221;#FFFFFF&#8221; button_bg_color=&#8221;#372645&#8243; button_border_width=&#8221;2px&#8221; button_border_color=&#8221;#372645&#8243; button_use_icon=&#8221;off&#8221; background_layout=&#8221;dark&#8221; locked=&#8221;off&#8221; global_colors_info=&#8221;{}&#8221; button_bg_color__hover_enabled=&#8221;on|hover&#8221; button_text_color__hover_enabled=&#8221;on|desktop&#8221; button_text_color__hover=&#8221;#2a2b5e&#8221; button_border_color__hover_enabled=&#8221;on|desktop&#8221; button_border_color__hover=&#8221;#2a2b5e&#8221; button_bg_color__hover=&#8221;#FFFFFF&#8221; button_bg_enable_color__hover=&#8221;on&#8221;][\/et_pb_button][\/et_pb_column][et_pb_column type=&#8221;1_2&#8243; _builder_version=&#8221;4.16&#8243; _module_preset=&#8221;default&#8221; custom_css_main_element=&#8221;margin:auto;&#8221; global_colors_info=&#8221;{}&#8221;][et_pb_image src=&#8221;https:\/\/telecomsat.ca\/wp-content\/uploads\/2025\/11\/PowerlinkBackpack.png&#8221; alt=&#8221;LinkPower Backpack&#8221; title_text=&#8221;PowerlinkBackpack&#8221; align=&#8221;center&#8221; _builder_version=&#8221;4.27.0&#8243; _module_preset=&#8221;default&#8221; width=&#8221;100%&#8221; global_colors_info=&#8221;{}&#8221;][\/et_pb_image][\/et_pb_column][\/et_pb_row][\/et_pb_section][et_pb_section fb_built=&#8221;1&#8243; module_id=&#8221;footer&#8221; _builder_version=&#8221;4.16&#8243; _module_preset=&#8221;default&#8221; background_color=&#8221;#2a2b5e&#8221; global_module=&#8221;96&#8243; saved_tabs=&#8221;all&#8221; locked=&#8221;off&#8221; global_colors_info=&#8221;{}&#8221;][et_pb_row column_structure=&#8221;1_3,1_3,1_3&#8243; _builder_version=&#8221;4.16&#8243; _module_preset=&#8221;default&#8221; global_colors_info=&#8221;{}&#8221;][et_pb_column type=&#8221;1_3&#8243; _builder_version=&#8221;4.16&#8243; _module_preset=&#8221;default&#8221; global_colors_info=&#8221;{}&#8221;][et_pb_text _builder_version=&#8221;4.17.4&#8243; _module_preset=&#8221;default&#8221; ul_text_color=&#8221;#FFFFFF&#8221; header_font=&#8221;Montserrat|600|||||||&#8221; header_3_font=&#8221;Montserrat|700|||||||&#8221; header_3_text_color=&#8221;#ffffff&#8221; header_3_line_height=&#8221;2em&#8221; global_colors_info=&#8221;{}&#8221;]<\/p>\n<h3>Our services<\/h3>\n<ul>\n<li><a href=\"https:\/\/telecomsat.ca\/en\/satellite-phone-rental\/\">Satellite phones to rent or buy<\/a><\/li>\n<li><a href=\"https:\/\/telecomsat.ca\/en\/satellite-phone-rental\/#9555\">Iridium<\/a><\/li>\n<li><a href=\"https:\/\/telecomsat.ca\/en\/satellite-phone-rental\/#9575\">Iridium Extreme\u2122 9575<\/a><\/li>\n<li><a href=\"https:\/\/telecomsat.ca\/en\/satellite-phone-rental\/#GO\">Iridium GO! \u2122<\/a><\/li>\n<li><a href=\"https:\/\/telecomsat.ca\/en\/satellite-phone-rental\/#iconsat100\">Icom-SAT100<\/a><\/li>\n<li><a href=\"https:\/\/telecomsat.ca\/en\/satellite-phone-rental\/#garmininreach\">Garmin InReach<\/a><\/li>\n<li>Iridium calling cards<\/li>\n<\/ul>\n<p>[\/et_pb_text][\/et_pb_column][et_pb_column type=&#8221;1_3&#8243; _builder_version=&#8221;4.16&#8243; _module_preset=&#8221;default&#8221; global_colors_info=&#8221;{}&#8221;][et_pb_text _builder_version=&#8221;4.17.4&#8243; _module_preset=&#8221;default&#8221; ul_text_color=&#8221;#FFFFFF&#8221; header_font=&#8221;Montserrat|600|||||||&#8221; header_3_font=&#8221;Montserrat|700|||||||&#8221; header_3_text_color=&#8221;#ffffff&#8221; header_3_line_height=&#8221;2em&#8221; global_colors_info=&#8221;{}&#8221;]<\/p>\n<h3>Support<\/h3>\n<ul>\n<li><a href=\"https:\/\/telecomsat.ca\/en\/assistance\/\">Assistance and user manuals<\/a><\/li>\n<li><a href=\"https:\/\/telecomsat.ca\/en\/about\/\">About<\/a><\/li>\n<li><a href=\"https:\/\/telecomsat.ca\/en\/contact\/\">Contact<\/a><\/li>\n<li><a href=\"https:\/\/telecomsat.ca\/en\/privacy-policy\/\">Privacy policy<\/li>\n<\/ul>\n<p>[\/et_pb_text][\/et_pb_column][et_pb_column type=&#8221;1_3&#8243; _builder_version=&#8221;4.16&#8243; _module_preset=&#8221;default&#8221; global_colors_info=&#8221;{}&#8221;][et_pb_text _builder_version=&#8221;4.17.4&#8243; _module_preset=&#8221;default&#8221; text_text_color=&#8221;#ffffff&#8221; header_3_font=&#8221;Montserrat|700|||||||&#8221; header_3_text_color=&#8221;#ffffff&#8221; header_3_line_height=&#8221;2em&#8221; global_colors_info=&#8221;{}&#8221;]<\/p>\n<h3>TelecomSat<\/h3>\n<p>270, rue St-Antoine Ouest,<br \/>Mezzanine Level, Suite 310<br \/>Montr\u00e9al (Qu\u00e9bec) H2Y 0A3<br \/>(The office is located in the Westin Hotel)<\/p>\n<p>Opening hours:<br \/>Monday to Friday: 9 a.m. to 5 p.m.<br \/>Saturday and Sunday: closed<br \/>Telephone\u00a0: <a href=\"tel:5143574448\"><strong>514\u00a0357-4448<\/strong><\/a><br \/><a href=\"mailto:info@telecomsat.com\"><strong>info@telecomsat.com<\/strong><\/a><\/p>\n<p>[\/et_pb_text][\/et_pb_column][\/et_pb_row][\/et_pb_section]<\/p>\n","protected":false},"excerpt":{"rendered":"<p>Linkpower BackpackThe Backpack Kit Combining Starlink Mini With Full Energy AutonomyDesigned specifically for the compact power of the Starlink Mini, this backpack is your ultimate mobile connectivity companion. With a dedicated, hard shell compartment to protect your Starlink dish, integrated cable management, and rugged weather-resistant materials, the LinkPower Backpack ensures you\u2019re always ready to deploy [&hellip;]<\/p>\n","protected":false},"author":1,"featured_media":0,"parent":0,"menu_order":0,"comment_status":"closed","ping_status":"closed","template":"","meta":{"_et_pb_use_builder":"on","_et_pb_old_content":"","_et_gb_content_width":"","footnotes":""},"class_list":["post-698","page","type-page","status-publish","hentry"],"yoast_head":"<!-- This site is optimized with the Yoast SEO plugin v23.5 - https:\/\/yoast.com\/wordpress\/plugins\/seo\/ -->\n<title>LinkPower Sac \u00e0 dos pour Starlink Mini \u2013 Sac de transport autonome compatible panneaux solaires - TelecomSat<\/title>\n<meta name=\"description\" content=\"Le sac \u00e0 dos LinkPower est la solution de transport id\u00e9ale pour le Starlink Mini, offrant protection, mobilit\u00e9 et autonomie \u00e9nerg\u00e9tique compl\u00e8te. Son compartiment rigide prot\u00e8ge l\u2019antenne Starlink Mini, tandis que son syst\u00e8me interne permet de ranger jusqu\u2019\u00e0 quatre batteries Gravity 27 Pro avec gestion de c\u00e2bles int\u00e9gr\u00e9e.Ajoutez des panneaux solaires Fusion 60 pour obtenir un kit Starlink Mini totalement autonome, parfait pour les voyages, les exp\u00e9ditions, les chantiers \u00e9loign\u00e9s et les interventions terrain.Con\u00e7u pour les aventuriers, les professionnels du terrain, les vid\u00e9astes, les \u00e9quipes techniques et toute personne ayant besoin d\u2019internet fiable partout, le sac LinkPower transforme votre Starlink Mini en solution de communication portable.\" \/>\n<meta name=\"robots\" content=\"index, follow, max-snippet:-1, max-image-preview:large, max-video-preview:-1\" \/>\n<link rel=\"canonical\" href=\"https:\/\/telecomsat.ca\/en\/linkpower-backpack\/\" \/>\n<meta property=\"og:locale\" content=\"en_US\" \/>\n<meta property=\"og:type\" content=\"article\" \/>\n<meta property=\"og:title\" content=\"LinkPower Sac \u00e0 dos pour Starlink Mini \u2013 Sac de transport autonome compatible panneaux solaires\" \/>\n<meta property=\"og:description\" content=\"Le sac \u00e0 dos LinkPower est la solution de transport id\u00e9ale pour le Starlink Mini, offrant protection, mobilit\u00e9 et autonomie \u00e9nerg\u00e9tique compl\u00e8te. Son compartiment rigide prot\u00e8ge l\u2019antenne Starlink Mini, tandis que son syst\u00e8me interne permet de ranger jusqu\u2019\u00e0 quatre batteries Gravity 27 Pro avec gestion de c\u00e2bles int\u00e9gr\u00e9e.Ajoutez des panneaux solaires Fusion 60 pour obtenir un kit Starlink Mini totalement autonome, parfait pour les voyages, les exp\u00e9ditions, les chantiers \u00e9loign\u00e9s et les interventions terrain.Con\u00e7u pour les aventuriers, les professionnels du terrain, les vid\u00e9astes, les \u00e9quipes techniques et toute personne ayant besoin d\u2019internet fiable partout, le sac LinkPower transforme votre Starlink Mini en solution de communication portable.\" \/>\n<meta property=\"og:url\" content=\"https:\/\/telecomsat.ca\/en\/linkpower-backpack\/\" \/>\n<meta property=\"og:site_name\" content=\"TelecomSat\" \/>\n<meta property=\"article:modified_time\" content=\"2025-12-02T11:51:25+00:00\" \/>\n<meta property=\"og:image\" content=\"https:\/\/telecomsat.ca\/wp-content\/uploads\/2025\/11\/LinkPowerBackPackWithSolar.png\" \/>\n\t<meta property=\"og:image:width\" content=\"1080\" \/>\n\t<meta property=\"og:image:height\" content=\"712\" \/>\n\t<meta property=\"og:image:type\" content=\"image\/png\" \/>\n<meta name=\"twitter:card\" content=\"summary_large_image\" \/>\n<meta name=\"twitter:label1\" content=\"Est. reading time\" \/>\n\t<meta name=\"twitter:data1\" content=\"2 minutes\" \/>\n<script type=\"application\/ld+json\" class=\"yoast-schema-graph\">{\"@context\":\"https:\/\/schema.org\",\"@graph\":[{\"@type\":\"WebPage\",\"@id\":\"https:\/\/telecomsat.ca\/en\/linkpower-backpack\/\",\"url\":\"https:\/\/telecomsat.ca\/en\/linkpower-backpack\/\",\"name\":\"LinkPower Sac \u00e0 dos pour Starlink Mini \u2013 Sac de transport autonome compatible panneaux solaires - TelecomSat\",\"isPartOf\":{\"@id\":\"https:\/\/telecomsat.ca\/en\/#website\"},\"datePublished\":\"2025-11-13T17:36:29+00:00\",\"dateModified\":\"2025-12-02T11:51:25+00:00\",\"description\":\"Le sac \u00e0 dos LinkPower est la solution de transport id\u00e9ale pour le Starlink Mini, offrant protection, mobilit\u00e9 et autonomie \u00e9nerg\u00e9tique compl\u00e8te. Son compartiment rigide prot\u00e8ge l\u2019antenne Starlink Mini, tandis que son syst\u00e8me interne permet de ranger jusqu\u2019\u00e0 quatre batteries Gravity 27 Pro avec gestion de c\u00e2bles int\u00e9gr\u00e9e.Ajoutez des panneaux solaires Fusion 60 pour obtenir un kit Starlink Mini totalement autonome, parfait pour les voyages, les exp\u00e9ditions, les chantiers \u00e9loign\u00e9s et les interventions terrain.Con\u00e7u pour les aventuriers, les professionnels du terrain, les vid\u00e9astes, les \u00e9quipes techniques et toute personne ayant besoin d\u2019internet fiable partout, le sac LinkPower transforme votre Starlink Mini en solution de communication portable.\",\"breadcrumb\":{\"@id\":\"https:\/\/telecomsat.ca\/en\/linkpower-backpack\/#breadcrumb\"},\"inLanguage\":\"en-US\",\"potentialAction\":[{\"@type\":\"ReadAction\",\"target\":[\"https:\/\/telecomsat.ca\/en\/linkpower-backpack\/\"]}]},{\"@type\":\"BreadcrumbList\",\"@id\":\"https:\/\/telecomsat.ca\/en\/linkpower-backpack\/#breadcrumb\",\"itemListElement\":[{\"@type\":\"ListItem\",\"position\":1,\"name\":\"Accueil\",\"item\":\"https:\/\/telecomsat.ca\/en\/\"},{\"@type\":\"ListItem\",\"position\":2,\"name\":\"Linkpower Backpack\"}]},{\"@type\":\"WebSite\",\"@id\":\"https:\/\/telecomsat.ca\/en\/#website\",\"url\":\"https:\/\/telecomsat.ca\/en\/\",\"name\":\"TelecomSat\",\"description\":\"Location de t\u00e9l\u00e9phone satellite au Qu\u00e9bec\",\"publisher\":{\"@id\":\"https:\/\/telecomsat.ca\/en\/#organization\"},\"potentialAction\":[{\"@type\":\"SearchAction\",\"target\":{\"@type\":\"EntryPoint\",\"urlTemplate\":\"https:\/\/telecomsat.ca\/en\/?s={search_term_string}\"},\"query-input\":{\"@type\":\"PropertyValueSpecification\",\"valueRequired\":true,\"valueName\":\"search_term_string\"}}],\"inLanguage\":\"en-US\"},{\"@type\":\"Organization\",\"@id\":\"https:\/\/telecomsat.ca\/en\/#organization\",\"name\":\"Telecomsat\",\"url\":\"https:\/\/telecomsat.ca\/en\/\",\"logo\":{\"@type\":\"ImageObject\",\"inLanguage\":\"en-US\",\"@id\":\"https:\/\/telecomsat.ca\/en\/#\/schema\/logo\/image\/\",\"url\":\"https:\/\/telecomsat.ca\/wp-content\/uploads\/2022\/07\/logo-telecomsat-2.png\",\"contentUrl\":\"https:\/\/telecomsat.ca\/wp-content\/uploads\/2022\/07\/logo-telecomsat-2.png\",\"width\":260,\"height\":120,\"caption\":\"Telecomsat\"},\"image\":{\"@id\":\"https:\/\/telecomsat.ca\/en\/#\/schema\/logo\/image\/\"}}]}<\/script>\n<!-- \/ Yoast SEO plugin. -->","yoast_head_json":{"title":"LinkPower Sac \u00e0 dos pour Starlink Mini \u2013 Sac de transport autonome compatible panneaux solaires - TelecomSat","description":"Le sac \u00e0 dos LinkPower est la solution de transport id\u00e9ale pour le Starlink Mini, offrant protection, mobilit\u00e9 et autonomie \u00e9nerg\u00e9tique compl\u00e8te. Son compartiment rigide prot\u00e8ge l\u2019antenne Starlink Mini, tandis que son syst\u00e8me interne permet de ranger jusqu\u2019\u00e0 quatre batteries Gravity 27 Pro avec gestion de c\u00e2bles int\u00e9gr\u00e9e.Ajoutez des panneaux solaires Fusion 60 pour obtenir un kit Starlink Mini totalement autonome, parfait pour les voyages, les exp\u00e9ditions, les chantiers \u00e9loign\u00e9s et les interventions terrain.Con\u00e7u pour les aventuriers, les professionnels du terrain, les vid\u00e9astes, les \u00e9quipes techniques et toute personne ayant besoin d\u2019internet fiable partout, le sac LinkPower transforme votre Starlink Mini en solution de communication portable.","robots":{"index":"index","follow":"follow","max-snippet":"max-snippet:-1","max-image-preview":"max-image-preview:large","max-video-preview":"max-video-preview:-1"},"canonical":"https:\/\/telecomsat.ca\/en\/linkpower-backpack\/","og_locale":"en_US","og_type":"article","og_title":"LinkPower Sac \u00e0 dos pour Starlink Mini \u2013 Sac de transport autonome compatible panneaux solaires","og_description":"Le sac \u00e0 dos LinkPower est la solution de transport id\u00e9ale pour le Starlink Mini, offrant protection, mobilit\u00e9 et autonomie \u00e9nerg\u00e9tique compl\u00e8te. Son compartiment rigide prot\u00e8ge l\u2019antenne Starlink Mini, tandis que son syst\u00e8me interne permet de ranger jusqu\u2019\u00e0 quatre batteries Gravity 27 Pro avec gestion de c\u00e2bles int\u00e9gr\u00e9e.Ajoutez des panneaux solaires Fusion 60 pour obtenir un kit Starlink Mini totalement autonome, parfait pour les voyages, les exp\u00e9ditions, les chantiers \u00e9loign\u00e9s et les interventions terrain.Con\u00e7u pour les aventuriers, les professionnels du terrain, les vid\u00e9astes, les \u00e9quipes techniques et toute personne ayant besoin d\u2019internet fiable partout, le sac LinkPower transforme votre Starlink Mini en solution de communication portable.","og_url":"https:\/\/telecomsat.ca\/en\/linkpower-backpack\/","og_site_name":"TelecomSat","article_modified_time":"2025-12-02T11:51:25+00:00","og_image":[{"width":1080,"height":712,"url":"https:\/\/telecomsat.ca\/wp-content\/uploads\/2025\/11\/LinkPowerBackPackWithSolar.png","type":"image\/png"}],"twitter_card":"summary_large_image","twitter_misc":{"Est. reading time":"2 minutes"},"schema":{"@context":"https:\/\/schema.org","@graph":[{"@type":"WebPage","@id":"https:\/\/telecomsat.ca\/en\/linkpower-backpack\/","url":"https:\/\/telecomsat.ca\/en\/linkpower-backpack\/","name":"LinkPower Sac \u00e0 dos pour Starlink Mini \u2013 Sac de transport autonome compatible panneaux solaires - TelecomSat","isPartOf":{"@id":"https:\/\/telecomsat.ca\/en\/#website"},"datePublished":"2025-11-13T17:36:29+00:00","dateModified":"2025-12-02T11:51:25+00:00","description":"Le sac \u00e0 dos LinkPower est la solution de transport id\u00e9ale pour le Starlink Mini, offrant protection, mobilit\u00e9 et autonomie \u00e9nerg\u00e9tique compl\u00e8te. Son compartiment rigide prot\u00e8ge l\u2019antenne Starlink Mini, tandis que son syst\u00e8me interne permet de ranger jusqu\u2019\u00e0 quatre batteries Gravity 27 Pro avec gestion de c\u00e2bles int\u00e9gr\u00e9e.Ajoutez des panneaux solaires Fusion 60 pour obtenir un kit Starlink Mini totalement autonome, parfait pour les voyages, les exp\u00e9ditions, les chantiers \u00e9loign\u00e9s et les interventions terrain.Con\u00e7u pour les aventuriers, les professionnels du terrain, les vid\u00e9astes, les \u00e9quipes techniques et toute personne ayant besoin d\u2019internet fiable partout, le sac LinkPower transforme votre Starlink Mini en solution de communication portable.","breadcrumb":{"@id":"https:\/\/telecomsat.ca\/en\/linkpower-backpack\/#breadcrumb"},"inLanguage":"en-US","potentialAction":[{"@type":"ReadAction","target":["https:\/\/telecomsat.ca\/en\/linkpower-backpack\/"]}]},{"@type":"BreadcrumbList","@id":"https:\/\/telecomsat.ca\/en\/linkpower-backpack\/#breadcrumb","itemListElement":[{"@type":"ListItem","position":1,"name":"Accueil","item":"https:\/\/telecomsat.ca\/en\/"},{"@type":"ListItem","position":2,"name":"Linkpower Backpack"}]},{"@type":"WebSite","@id":"https:\/\/telecomsat.ca\/en\/#website","url":"https:\/\/telecomsat.ca\/en\/","name":"TelecomSat","description":"Location de t\u00e9l\u00e9phone satellite au Qu\u00e9bec","publisher":{"@id":"https:\/\/telecomsat.ca\/en\/#organization"},"potentialAction":[{"@type":"SearchAction","target":{"@type":"EntryPoint","urlTemplate":"https:\/\/telecomsat.ca\/en\/?s={search_term_string}"},"query-input":{"@type":"PropertyValueSpecification","valueRequired":true,"valueName":"search_term_string"}}],"inLanguage":"en-US"},{"@type":"Organization","@id":"https:\/\/telecomsat.ca\/en\/#organization","name":"Telecomsat","url":"https:\/\/telecomsat.ca\/en\/","logo":{"@type":"ImageObject","inLanguage":"en-US","@id":"https:\/\/telecomsat.ca\/en\/#\/schema\/logo\/image\/","url":"https:\/\/telecomsat.ca\/wp-content\/uploads\/2022\/07\/logo-telecomsat-2.png","contentUrl":"https:\/\/telecomsat.ca\/wp-content\/uploads\/2022\/07\/logo-telecomsat-2.png","width":260,"height":120,"caption":"Telecomsat"},"image":{"@id":"https:\/\/telecomsat.ca\/en\/#\/schema\/logo\/image\/"}}]}},"_links":{"self":[{"href":"https:\/\/telecomsat.ca\/en\/wp-json\/wp\/v2\/pages\/698","targetHints":{"allow":["GET"]}}],"collection":[{"href":"https:\/\/telecomsat.ca\/en\/wp-json\/wp\/v2\/pages"}],"about":[{"href":"https:\/\/telecomsat.ca\/en\/wp-json\/wp\/v2\/types\/page"}],"author":[{"embeddable":true,"href":"https:\/\/telecomsat.ca\/en\/wp-json\/wp\/v2\/users\/1"}],"replies":[{"embeddable":true,"href":"https:\/\/telecomsat.ca\/en\/wp-json\/wp\/v2\/comments?post=698"}],"version-history":[{"count":13,"href":"https:\/\/telecomsat.ca\/en\/wp-json\/wp\/v2\/pages\/698\/revisions"}],"predecessor-version":[{"id":770,"href":"https:\/\/telecomsat.ca\/en\/wp-json\/wp\/v2\/pages\/698\/revisions\/770"}],"wp:attachment":[{"href":"https:\/\/telecomsat.ca\/en\/wp-json\/wp\/v2\/media?parent=698"}],"curies":[{"name":"wp","href":"https:\/\/api.w.org\/{rel}","templated":true}]}}