{"id":697,"date":"2025-11-13T12:33:39","date_gmt":"2025-11-13T17:33:39","guid":{"rendered":"https:\/\/telecomsat.ca\/?page_id=697"},"modified":"2025-12-02T06:52:43","modified_gmt":"2025-12-02T11:52:43","slug":"linkpower-mini","status":"publish","type":"page","link":"https:\/\/telecomsat.ca\/en\/linkpower-mini\/","title":{"rendered":"Linkpower Mini"},"content":{"rendered":"<p>[et_pb_section fb_built=&#8221;1&#8243; _builder_version=&#8221;4.27.0&#8243; _module_preset=&#8221;default&#8221; use_background_color_gradient=&#8221;on&#8221; background_color_gradient_stops=&#8221;rgba(42,43,94,0.66) 0%|rgba(42,43,94,0.46) 100%&#8221; background_color_gradient_overlays_image=&#8221;on&#8221; background_color_gradient_start=&#8221;rgba(42,43,94,0.66)&#8221; background_color_gradient_end=&#8221;rgba(42,43,94,0.46)&#8221; background_image=&#8221;https:\/\/telecomsat.ca\/wp-content\/uploads\/2025\/11\/LinkPowerMiniAvecStarlinkMini.png&#8221; global_colors_info=&#8221;{}&#8221;][et_pb_row _builder_version=&#8221;4.16&#8243; _module_preset=&#8221;default&#8221; global_colors_info=&#8221;{}&#8221;][et_pb_column type=&#8221;4_4&#8243; _builder_version=&#8221;4.16&#8243; _module_preset=&#8221;default&#8221; global_colors_info=&#8221;{}&#8221;][et_pb_text _builder_version=&#8221;4.16&#8243; _module_preset=&#8221;default&#8221; header_font=&#8221;Montserrat|700|||||||&#8221; header_text_color=&#8221;#FFFFFF&#8221; header_font_size=&#8221;60px&#8221; custom_padding=&#8221;4vw||4vw||false|false&#8221; locked=&#8221;off&#8221; global_colors_info=&#8221;{}&#8221;]<\/p>\n<h1 style=\"text-align: center;\">LINKPOWER MINI ENERGY KIT<\/h1>\n<p>[\/et_pb_text][\/et_pb_column][\/et_pb_row][\/et_pb_section][et_pb_section fb_built=&#8221;1&#8243; _builder_version=&#8221;4.16&#8243; _module_preset=&#8221;default&#8221; use_background_color_gradient=&#8221;on&#8221; background_color_gradient_stops=&#8221;#372645 0%|#1d1a35 100%&#8221; background_color_gradient_start=&#8221;#372645&#8243; background_color_gradient_end=&#8221;#1d1a35&#8243; custom_margin=&#8221;||||false|false&#8221; custom_padding=&#8221;||||false|false&#8221; locked=&#8221;off&#8221; global_colors_info=&#8221;{}&#8221;][et_pb_row _builder_version=&#8221;4.16&#8243; _module_preset=&#8221;default&#8221; global_colors_info=&#8221;{}&#8221;][et_pb_column type=&#8221;4_4&#8243; _builder_version=&#8221;4.16&#8243; _module_preset=&#8221;default&#8221; global_colors_info=&#8221;{}&#8221;][et_pb_text _builder_version=&#8221;4.16&#8243; _module_preset=&#8221;default&#8221; header_2_font=&#8221;Montserrat|700|||||||&#8221; header_2_text_align=&#8221;center&#8221; header_2_text_color=&#8221;#FFFFFF&#8221; header_2_font_size=&#8221;32px&#8221; header_2_line_height=&#8221;1.2em&#8221; global_colors_info=&#8221;{}&#8221;]<\/p>\n<h2>Solar Power Station for Starlink Mini<\/h2>\n<p>[\/et_pb_text][et_pb_text _builder_version=&#8221;4.16&#8243; _module_preset=&#8221;default&#8221; text_font=&#8221;Roboto||||||||&#8221; text_text_color=&#8221;#FFFFFF&#8221; text_font_size=&#8221;21px&#8221; text_line_height=&#8221;1.5em&#8221; text_orientation=&#8221;center&#8221; locked=&#8221;off&#8221; global_colors_info=&#8221;{}&#8221;]<\/p>\n<p style=\"text-align: justify;\">This all-in-one power solution is designed for adventurers, outdoor enthusiasts, professionals on the move and anyone needing reliable energy on the go.<\/p>\n<p style=\"text-align: justify;\">The sturdy polypropylene flight case protects your Starlink Mini and solar panel, with a practical design featuring one external DC port and a dedicated solar panel port. Both can be used without opening the case, preserving its water-resistant seal.<\/p>\n<p style=\"text-align: justify;\">This Linkpower Mini can be easily transported as a simple work case, making it easy to move around in any environment.<\/p>\n<p style=\"text-align: justify;\">Stay prepared with the Linkpower Mini Energy Kit \u2013 The Internet access wherever and whenever your adventures take you.<\/p>\n<p>[\/et_pb_text][\/et_pb_column][\/et_pb_row][\/et_pb_section][et_pb_section fb_built=&#8221;1&#8243; fullwidth=&#8221;on&#8221; theme_builder_area=&#8221;post_content&#8221; _builder_version=&#8221;4.27.0&#8243; _module_preset=&#8221;default&#8221;][et_pb_fullwidth_image src=&#8221;https:\/\/telecomsat.ca\/wp-content\/uploads\/2025\/12\/LinkPowerMiniEN-scaled.jpg&#8221; _builder_version=&#8221;4.27.0&#8243; _module_preset=&#8221;default&#8221; theme_builder_area=&#8221;post_content&#8221; title_text=&#8221;LinkPowerMiniEN&#8221; hover_enabled=&#8221;0&#8243; sticky_enabled=&#8221;0&#8243;][\/et_pb_fullwidth_image][\/et_pb_section][et_pb_section fb_built=&#8221;1&#8243; _builder_version=&#8221;4.16&#8243; _module_preset=&#8221;default&#8221; global_colors_info=&#8221;{}&#8221;][et_pb_row column_structure=&#8221;1_2,1_2&#8243; make_equal=&#8221;on&#8221; module_id=&#8221;9555&#8243; _builder_version=&#8221;4.16&#8243; _module_preset=&#8221;default&#8221; global_colors_info=&#8221;{}&#8221;][et_pb_column type=&#8221;1_2&#8243; _builder_version=&#8221;4.16&#8243; _module_preset=&#8221;default&#8221; global_colors_info=&#8221;{}&#8221;][et_pb_text _builder_version=&#8221;4.16&#8243; _module_preset=&#8221;default&#8221; text_font=&#8221;Roboto|300|||||||&#8221; text_text_color=&#8221;#000000&#8243; text_font_size=&#8221;18px&#8221; custom_margin=&#8221;0px||||false|false&#8221; custom_padding=&#8221;0px||||false|false&#8221; locked=&#8221;off&#8221; global_colors_info=&#8221;{}&#8221;][\/et_pb_text][et_pb_text disabled_on=&#8221;off|off|off&#8221; _builder_version=&#8221;4.16&#8243; _module_preset=&#8221;default&#8221; text_font=&#8221;Roboto|300|||||||&#8221; text_text_color=&#8221;#000000&#8243; text_font_size=&#8221;16px&#8221; ul_font_size=&#8221;18px&#8221; custom_margin=&#8221;0px||||false|false&#8221; custom_padding=&#8221;0px||||false|false&#8221; locked=&#8221;off&#8221; global_colors_info=&#8221;{}&#8221;]<\/p>\n<ul>\n<li>Waterproof : IP67 Case + IP54 Plug<\/li>\n<li>Material : ABS + Impact Resistent Foam<\/li>\n<li>Dimensions : 428 x 350 x 153 mm<\/li>\n<li>Weight : 5kg + Stalink Mini Weight<\/li>\n<li>Color : Black\u00a0<\/li>\n<li>Solar Panel : Fusion 60 Watts (up to 2 units)<\/li>\n<li>Battery : Gravity 27 Pro (up to 3 units)<\/li>\n<\/ul>\n<p>Starting from 1126$<\/p>\n<p>&nbsp;<\/p>\n<p>[\/et_pb_text][et_pb_button button_url=&#8221;https:\/\/telecomsat.ca\/en\/contact\/&#8221; button_text=&#8221;Contact Us&#8221; button_alignment=&#8221;left&#8221; _builder_version=&#8221;4.27.0&#8243; _module_preset=&#8221;default&#8221; custom_button=&#8221;on&#8221; button_text_color=&#8221;#FFFFFF&#8221; button_bg_color=&#8221;#372645&#8243; button_border_width=&#8221;2px&#8221; button_border_color=&#8221;#372645&#8243; button_use_icon=&#8221;off&#8221; background_layout=&#8221;dark&#8221; locked=&#8221;off&#8221; global_colors_info=&#8221;{}&#8221; button_bg_color__hover_enabled=&#8221;on|hover&#8221; button_text_color__hover_enabled=&#8221;on|desktop&#8221; button_text_color__hover=&#8221;#2a2b5e&#8221; button_border_color__hover_enabled=&#8221;on|desktop&#8221; button_border_color__hover=&#8221;#2a2b5e&#8221; button_bg_color__hover=&#8221;#FFFFFF&#8221; button_bg_enable_color__hover=&#8221;on&#8221;][\/et_pb_button][\/et_pb_column][et_pb_column type=&#8221;1_2&#8243; _builder_version=&#8221;4.16&#8243; _module_preset=&#8221;default&#8221; custom_css_main_element=&#8221;margin:auto;&#8221; global_colors_info=&#8221;{}&#8221;][et_pb_image src=&#8221;https:\/\/telecomsat.ca\/wp-content\/uploads\/2025\/11\/LinkPowerMini-1.png&#8221; alt=&#8221;Link Power Mini&#8221; title_text=&#8221;Link Power Mini&#8221; align=&#8221;center&#8221; _builder_version=&#8221;4.27.0&#8243; _module_preset=&#8221;default&#8221; width=&#8221;100%&#8221; global_colors_info=&#8221;{}&#8221;][\/et_pb_image][\/et_pb_column][\/et_pb_row][\/et_pb_section][et_pb_section fb_built=&#8221;1&#8243; module_id=&#8221;footer&#8221; _builder_version=&#8221;4.16&#8243; _module_preset=&#8221;default&#8221; background_color=&#8221;#2a2b5e&#8221; global_module=&#8221;96&#8243; saved_tabs=&#8221;all&#8221; locked=&#8221;off&#8221; global_colors_info=&#8221;{}&#8221;][et_pb_row column_structure=&#8221;1_3,1_3,1_3&#8243; _builder_version=&#8221;4.16&#8243; _module_preset=&#8221;default&#8221; global_colors_info=&#8221;{}&#8221;][et_pb_column type=&#8221;1_3&#8243; _builder_version=&#8221;4.16&#8243; _module_preset=&#8221;default&#8221; global_colors_info=&#8221;{}&#8221;][et_pb_text _builder_version=&#8221;4.17.4&#8243; _module_preset=&#8221;default&#8221; ul_text_color=&#8221;#FFFFFF&#8221; header_font=&#8221;Montserrat|600|||||||&#8221; header_3_font=&#8221;Montserrat|700|||||||&#8221; header_3_text_color=&#8221;#ffffff&#8221; header_3_line_height=&#8221;2em&#8221; global_colors_info=&#8221;{}&#8221;]<\/p>\n<h3>Our services<\/h3>\n<ul>\n<li><a href=\"https:\/\/telecomsat.ca\/en\/satellite-phone-rental\/\">Satellite phones to rent or buy<\/a><\/li>\n<li><a href=\"https:\/\/telecomsat.ca\/en\/satellite-phone-rental\/#9555\">Iridium<\/a><\/li>\n<li><a href=\"https:\/\/telecomsat.ca\/en\/satellite-phone-rental\/#9575\">Iridium Extreme\u2122 9575<\/a><\/li>\n<li><a href=\"https:\/\/telecomsat.ca\/en\/satellite-phone-rental\/#GO\">Iridium GO! \u2122<\/a><\/li>\n<li><a href=\"https:\/\/telecomsat.ca\/en\/satellite-phone-rental\/#iconsat100\">Icom-SAT100<\/a><\/li>\n<li><a href=\"https:\/\/telecomsat.ca\/en\/satellite-phone-rental\/#garmininreach\">Garmin InReach<\/a><\/li>\n<li>Iridium calling cards<\/li>\n<\/ul>\n<p>[\/et_pb_text][\/et_pb_column][et_pb_column type=&#8221;1_3&#8243; _builder_version=&#8221;4.16&#8243; _module_preset=&#8221;default&#8221; global_colors_info=&#8221;{}&#8221;][et_pb_text _builder_version=&#8221;4.17.4&#8243; _module_preset=&#8221;default&#8221; ul_text_color=&#8221;#FFFFFF&#8221; header_font=&#8221;Montserrat|600|||||||&#8221; header_3_font=&#8221;Montserrat|700|||||||&#8221; header_3_text_color=&#8221;#ffffff&#8221; header_3_line_height=&#8221;2em&#8221; global_colors_info=&#8221;{}&#8221;]<\/p>\n<h3>Support<\/h3>\n<ul>\n<li><a href=\"https:\/\/telecomsat.ca\/en\/assistance\/\">Assistance and user manuals<\/a><\/li>\n<li><a href=\"https:\/\/telecomsat.ca\/en\/about\/\">About<\/a><\/li>\n<li><a href=\"https:\/\/telecomsat.ca\/en\/contact\/\">Contact<\/a><\/li>\n<li><a href=\"https:\/\/telecomsat.ca\/en\/privacy-policy\/\">Privacy policy<\/li>\n<\/ul>\n<p>[\/et_pb_text][\/et_pb_column][et_pb_column type=&#8221;1_3&#8243; _builder_version=&#8221;4.16&#8243; _module_preset=&#8221;default&#8221; global_colors_info=&#8221;{}&#8221;][et_pb_text _builder_version=&#8221;4.17.4&#8243; _module_preset=&#8221;default&#8221; text_text_color=&#8221;#ffffff&#8221; header_3_font=&#8221;Montserrat|700|||||||&#8221; header_3_text_color=&#8221;#ffffff&#8221; header_3_line_height=&#8221;2em&#8221; global_colors_info=&#8221;{}&#8221;]<\/p>\n<h3>TelecomSat<\/h3>\n<p>270, rue St-Antoine Ouest,<br \/>Mezzanine Level, Suite 310<br \/>Montr\u00e9al (Qu\u00e9bec) H2Y 0A3<br \/>(The office is located in the Westin Hotel)<\/p>\n<p>Opening hours:<br \/>Monday to Friday: 9 a.m. to 5 p.m.<br \/>Saturday and Sunday: closed<br \/>Telephone\u00a0: <a href=\"tel:5143574448\"><strong>514\u00a0357-4448<\/strong><\/a><br \/><a href=\"mailto:info@telecomsat.com\"><strong>info@telecomsat.com<\/strong><\/a><\/p>\n<p>[\/et_pb_text][\/et_pb_column][\/et_pb_row][\/et_pb_section]<\/p>\n","protected":false},"excerpt":{"rendered":"<p>LINKPOWER MINI ENERGY KITSolar Power Station for Starlink MiniThis all-in-one power solution is designed for adventurers, outdoor enthusiasts, professionals on the move and anyone needing reliable energy on the go. The sturdy polypropylene flight case protects your Starlink Mini and solar panel, with a practical design featuring one external DC port and a dedicated solar [&hellip;]<\/p>\n","protected":false},"author":1,"featured_media":0,"parent":0,"menu_order":0,"comment_status":"closed","ping_status":"closed","template":"","meta":{"_et_pb_use_builder":"on","_et_pb_old_content":"","_et_gb_content_width":"","footnotes":""},"class_list":["post-697","page","type-page","status-publish","hentry"],"yoast_head":"<!-- This site is optimized with the Yoast SEO plugin v23.5 - https:\/\/yoast.com\/wordpress\/plugins\/seo\/ -->\n<title>LinkPower Mini Energy Kit \u2013 Station d\u2019alimentation solaire avec mallette antichoc pour Starlink Mini - TelecomSat<\/title>\n<meta name=\"description\" content=\"Le LinkPower Mini Energy Kit est une station d\u2019alimentation robuste et compacte con\u00e7ue pour le Starlink Mini. Cette mallette IP67 prot\u00e8ge l\u2019antenne, les batteries Gravity 27 Pro et les panneaux solaires Fusion 60, tout en fournissant une alimentation autonome hors r\u00e9seau.Gr\u00e2ce \u00e0 sa sortie DC externe, la mallette alimente le Starlink Mini sans avoir \u00e0 l\u2019ouvrir \u2014 id\u00e9al pour les exp\u00e9ditions, les interventions terrain, les tournages ext\u00e9rieurs, les chantiers \u00e9loign\u00e9s ou les situations d\u2019urgence.Capable de recevoir jusqu\u2019\u00e0 trois batteries Gravity 27 Pro et deux panneaux Fusion 60, cette valise \u00e9nergie autonome offre une solution Starlink compl\u00e8te pour les professionnels et explorateurs ayant besoin de communications fiables partout.\" \/>\n<meta name=\"robots\" content=\"index, follow, max-snippet:-1, max-image-preview:large, max-video-preview:-1\" \/>\n<link rel=\"canonical\" href=\"https:\/\/telecomsat.ca\/en\/linkpower-mini\/\" \/>\n<meta property=\"og:locale\" content=\"en_US\" \/>\n<meta property=\"og:type\" content=\"article\" \/>\n<meta property=\"og:title\" content=\"LinkPower Mini Energy Kit \u2013 Station d\u2019alimentation solaire avec mallette antichoc pour Starlink Mini\" \/>\n<meta property=\"og:description\" content=\"Le LinkPower Mini Energy Kit est une station d\u2019alimentation robuste et compacte con\u00e7ue pour le Starlink Mini. Cette mallette IP67 prot\u00e8ge l\u2019antenne, les batteries Gravity 27 Pro et les panneaux solaires Fusion 60, tout en fournissant une alimentation autonome hors r\u00e9seau.Gr\u00e2ce \u00e0 sa sortie DC externe, la mallette alimente le Starlink Mini sans avoir \u00e0 l\u2019ouvrir \u2014 id\u00e9al pour les exp\u00e9ditions, les interventions terrain, les tournages ext\u00e9rieurs, les chantiers \u00e9loign\u00e9s ou les situations d\u2019urgence.Capable de recevoir jusqu\u2019\u00e0 trois batteries Gravity 27 Pro et deux panneaux Fusion 60, cette valise \u00e9nergie autonome offre une solution Starlink compl\u00e8te pour les professionnels et explorateurs ayant besoin de communications fiables partout.\" \/>\n<meta property=\"og:url\" content=\"https:\/\/telecomsat.ca\/en\/linkpower-mini\/\" \/>\n<meta property=\"og:site_name\" content=\"TelecomSat\" \/>\n<meta property=\"article:modified_time\" content=\"2025-12-02T11:52:43+00:00\" \/>\n<meta property=\"og:image\" content=\"https:\/\/telecomsat.ca\/wp-content\/uploads\/2025\/11\/LinkPowerMiniAvecStarlinkMini.png\" \/>\n\t<meta property=\"og:image:width\" content=\"1401\" \/>\n\t<meta property=\"og:image:height\" content=\"586\" \/>\n\t<meta property=\"og:image:type\" content=\"image\/png\" \/>\n<meta name=\"twitter:card\" content=\"summary_large_image\" \/>\n<meta name=\"twitter:label1\" content=\"Est. reading time\" \/>\n\t<meta name=\"twitter:data1\" content=\"3 minutes\" \/>\n<script type=\"application\/ld+json\" class=\"yoast-schema-graph\">{\"@context\":\"https:\/\/schema.org\",\"@graph\":[{\"@type\":\"WebPage\",\"@id\":\"https:\/\/telecomsat.ca\/en\/linkpower-mini\/\",\"url\":\"https:\/\/telecomsat.ca\/en\/linkpower-mini\/\",\"name\":\"LinkPower Mini Energy Kit \u2013 Station d\u2019alimentation solaire avec mallette antichoc pour Starlink Mini - TelecomSat\",\"isPartOf\":{\"@id\":\"https:\/\/telecomsat.ca\/en\/#website\"},\"datePublished\":\"2025-11-13T17:33:39+00:00\",\"dateModified\":\"2025-12-02T11:52:43+00:00\",\"description\":\"Le LinkPower Mini Energy Kit est une station d\u2019alimentation robuste et compacte con\u00e7ue pour le Starlink Mini. Cette mallette IP67 prot\u00e8ge l\u2019antenne, les batteries Gravity 27 Pro et les panneaux solaires Fusion 60, tout en fournissant une alimentation autonome hors r\u00e9seau.Gr\u00e2ce \u00e0 sa sortie DC externe, la mallette alimente le Starlink Mini sans avoir \u00e0 l\u2019ouvrir \u2014 id\u00e9al pour les exp\u00e9ditions, les interventions terrain, les tournages ext\u00e9rieurs, les chantiers \u00e9loign\u00e9s ou les situations d\u2019urgence.Capable de recevoir jusqu\u2019\u00e0 trois batteries Gravity 27 Pro et deux panneaux Fusion 60, cette valise \u00e9nergie autonome offre une solution Starlink compl\u00e8te pour les professionnels et explorateurs ayant besoin de communications fiables partout.\",\"breadcrumb\":{\"@id\":\"https:\/\/telecomsat.ca\/en\/linkpower-mini\/#breadcrumb\"},\"inLanguage\":\"en-US\",\"potentialAction\":[{\"@type\":\"ReadAction\",\"target\":[\"https:\/\/telecomsat.ca\/en\/linkpower-mini\/\"]}]},{\"@type\":\"BreadcrumbList\",\"@id\":\"https:\/\/telecomsat.ca\/en\/linkpower-mini\/#breadcrumb\",\"itemListElement\":[{\"@type\":\"ListItem\",\"position\":1,\"name\":\"Accueil\",\"item\":\"https:\/\/telecomsat.ca\/en\/\"},{\"@type\":\"ListItem\",\"position\":2,\"name\":\"Linkpower Mini\"}]},{\"@type\":\"WebSite\",\"@id\":\"https:\/\/telecomsat.ca\/en\/#website\",\"url\":\"https:\/\/telecomsat.ca\/en\/\",\"name\":\"TelecomSat\",\"description\":\"Location de t\u00e9l\u00e9phone satellite au Qu\u00e9bec\",\"publisher\":{\"@id\":\"https:\/\/telecomsat.ca\/en\/#organization\"},\"potentialAction\":[{\"@type\":\"SearchAction\",\"target\":{\"@type\":\"EntryPoint\",\"urlTemplate\":\"https:\/\/telecomsat.ca\/en\/?s={search_term_string}\"},\"query-input\":{\"@type\":\"PropertyValueSpecification\",\"valueRequired\":true,\"valueName\":\"search_term_string\"}}],\"inLanguage\":\"en-US\"},{\"@type\":\"Organization\",\"@id\":\"https:\/\/telecomsat.ca\/en\/#organization\",\"name\":\"Telecomsat\",\"url\":\"https:\/\/telecomsat.ca\/en\/\",\"logo\":{\"@type\":\"ImageObject\",\"inLanguage\":\"en-US\",\"@id\":\"https:\/\/telecomsat.ca\/en\/#\/schema\/logo\/image\/\",\"url\":\"https:\/\/telecomsat.ca\/wp-content\/uploads\/2022\/07\/logo-telecomsat-2.png\",\"contentUrl\":\"https:\/\/telecomsat.ca\/wp-content\/uploads\/2022\/07\/logo-telecomsat-2.png\",\"width\":260,\"height\":120,\"caption\":\"Telecomsat\"},\"image\":{\"@id\":\"https:\/\/telecomsat.ca\/en\/#\/schema\/logo\/image\/\"}}]}<\/script>\n<!-- \/ Yoast SEO plugin. -->","yoast_head_json":{"title":"LinkPower Mini Energy Kit \u2013 Station d\u2019alimentation solaire avec mallette antichoc pour Starlink Mini - TelecomSat","description":"Le LinkPower Mini Energy Kit est une station d\u2019alimentation robuste et compacte con\u00e7ue pour le Starlink Mini. Cette mallette IP67 prot\u00e8ge l\u2019antenne, les batteries Gravity 27 Pro et les panneaux solaires Fusion 60, tout en fournissant une alimentation autonome hors r\u00e9seau.Gr\u00e2ce \u00e0 sa sortie DC externe, la mallette alimente le Starlink Mini sans avoir \u00e0 l\u2019ouvrir \u2014 id\u00e9al pour les exp\u00e9ditions, les interventions terrain, les tournages ext\u00e9rieurs, les chantiers \u00e9loign\u00e9s ou les situations d\u2019urgence.Capable de recevoir jusqu\u2019\u00e0 trois batteries Gravity 27 Pro et deux panneaux Fusion 60, cette valise \u00e9nergie autonome offre une solution Starlink compl\u00e8te pour les professionnels et explorateurs ayant besoin de communications fiables partout.","robots":{"index":"index","follow":"follow","max-snippet":"max-snippet:-1","max-image-preview":"max-image-preview:large","max-video-preview":"max-video-preview:-1"},"canonical":"https:\/\/telecomsat.ca\/en\/linkpower-mini\/","og_locale":"en_US","og_type":"article","og_title":"LinkPower Mini Energy Kit \u2013 Station d\u2019alimentation solaire avec mallette antichoc pour Starlink Mini","og_description":"Le LinkPower Mini Energy Kit est une station d\u2019alimentation robuste et compacte con\u00e7ue pour le Starlink Mini. Cette mallette IP67 prot\u00e8ge l\u2019antenne, les batteries Gravity 27 Pro et les panneaux solaires Fusion 60, tout en fournissant une alimentation autonome hors r\u00e9seau.Gr\u00e2ce \u00e0 sa sortie DC externe, la mallette alimente le Starlink Mini sans avoir \u00e0 l\u2019ouvrir \u2014 id\u00e9al pour les exp\u00e9ditions, les interventions terrain, les tournages ext\u00e9rieurs, les chantiers \u00e9loign\u00e9s ou les situations d\u2019urgence.Capable de recevoir jusqu\u2019\u00e0 trois batteries Gravity 27 Pro et deux panneaux Fusion 60, cette valise \u00e9nergie autonome offre une solution Starlink compl\u00e8te pour les professionnels et explorateurs ayant besoin de communications fiables partout.","og_url":"https:\/\/telecomsat.ca\/en\/linkpower-mini\/","og_site_name":"TelecomSat","article_modified_time":"2025-12-02T11:52:43+00:00","og_image":[{"width":1401,"height":586,"url":"https:\/\/telecomsat.ca\/wp-content\/uploads\/2025\/11\/LinkPowerMiniAvecStarlinkMini.png","type":"image\/png"}],"twitter_card":"summary_large_image","twitter_misc":{"Est. reading time":"3 minutes"},"schema":{"@context":"https:\/\/schema.org","@graph":[{"@type":"WebPage","@id":"https:\/\/telecomsat.ca\/en\/linkpower-mini\/","url":"https:\/\/telecomsat.ca\/en\/linkpower-mini\/","name":"LinkPower Mini Energy Kit \u2013 Station d\u2019alimentation solaire avec mallette antichoc pour Starlink Mini - TelecomSat","isPartOf":{"@id":"https:\/\/telecomsat.ca\/en\/#website"},"datePublished":"2025-11-13T17:33:39+00:00","dateModified":"2025-12-02T11:52:43+00:00","description":"Le LinkPower Mini Energy Kit est une station d\u2019alimentation robuste et compacte con\u00e7ue pour le Starlink Mini. Cette mallette IP67 prot\u00e8ge l\u2019antenne, les batteries Gravity 27 Pro et les panneaux solaires Fusion 60, tout en fournissant une alimentation autonome hors r\u00e9seau.Gr\u00e2ce \u00e0 sa sortie DC externe, la mallette alimente le Starlink Mini sans avoir \u00e0 l\u2019ouvrir \u2014 id\u00e9al pour les exp\u00e9ditions, les interventions terrain, les tournages ext\u00e9rieurs, les chantiers \u00e9loign\u00e9s ou les situations d\u2019urgence.Capable de recevoir jusqu\u2019\u00e0 trois batteries Gravity 27 Pro et deux panneaux Fusion 60, cette valise \u00e9nergie autonome offre une solution Starlink compl\u00e8te pour les professionnels et explorateurs ayant besoin de communications fiables partout.","breadcrumb":{"@id":"https:\/\/telecomsat.ca\/en\/linkpower-mini\/#breadcrumb"},"inLanguage":"en-US","potentialAction":[{"@type":"ReadAction","target":["https:\/\/telecomsat.ca\/en\/linkpower-mini\/"]}]},{"@type":"BreadcrumbList","@id":"https:\/\/telecomsat.ca\/en\/linkpower-mini\/#breadcrumb","itemListElement":[{"@type":"ListItem","position":1,"name":"Accueil","item":"https:\/\/telecomsat.ca\/en\/"},{"@type":"ListItem","position":2,"name":"Linkpower Mini"}]},{"@type":"WebSite","@id":"https:\/\/telecomsat.ca\/en\/#website","url":"https:\/\/telecomsat.ca\/en\/","name":"TelecomSat","description":"Location de t\u00e9l\u00e9phone satellite au Qu\u00e9bec","publisher":{"@id":"https:\/\/telecomsat.ca\/en\/#organization"},"potentialAction":[{"@type":"SearchAction","target":{"@type":"EntryPoint","urlTemplate":"https:\/\/telecomsat.ca\/en\/?s={search_term_string}"},"query-input":{"@type":"PropertyValueSpecification","valueRequired":true,"valueName":"search_term_string"}}],"inLanguage":"en-US"},{"@type":"Organization","@id":"https:\/\/telecomsat.ca\/en\/#organization","name":"Telecomsat","url":"https:\/\/telecomsat.ca\/en\/","logo":{"@type":"ImageObject","inLanguage":"en-US","@id":"https:\/\/telecomsat.ca\/en\/#\/schema\/logo\/image\/","url":"https:\/\/telecomsat.ca\/wp-content\/uploads\/2022\/07\/logo-telecomsat-2.png","contentUrl":"https:\/\/telecomsat.ca\/wp-content\/uploads\/2022\/07\/logo-telecomsat-2.png","width":260,"height":120,"caption":"Telecomsat"},"image":{"@id":"https:\/\/telecomsat.ca\/en\/#\/schema\/logo\/image\/"}}]}},"_links":{"self":[{"href":"https:\/\/telecomsat.ca\/en\/wp-json\/wp\/v2\/pages\/697","targetHints":{"allow":["GET"]}}],"collection":[{"href":"https:\/\/telecomsat.ca\/en\/wp-json\/wp\/v2\/pages"}],"about":[{"href":"https:\/\/telecomsat.ca\/en\/wp-json\/wp\/v2\/types\/page"}],"author":[{"embeddable":true,"href":"https:\/\/telecomsat.ca\/en\/wp-json\/wp\/v2\/users\/1"}],"replies":[{"embeddable":true,"href":"https:\/\/telecomsat.ca\/en\/wp-json\/wp\/v2\/comments?post=697"}],"version-history":[{"count":18,"href":"https:\/\/telecomsat.ca\/en\/wp-json\/wp\/v2\/pages\/697\/revisions"}],"predecessor-version":[{"id":774,"href":"https:\/\/telecomsat.ca\/en\/wp-json\/wp\/v2\/pages\/697\/revisions\/774"}],"wp:attachment":[{"href":"https:\/\/telecomsat.ca\/en\/wp-json\/wp\/v2\/media?parent=697"}],"curies":[{"name":"wp","href":"https:\/\/api.w.org\/{rel}","templated":true}]}}