{"id":612,"date":"2021-03-18T16:29:15","date_gmt":"2021-03-18T20:29:15","guid":{"rendered":"https:\/\/antonin.ca\/clients\/telecomsat\/assistance\/"},"modified":"2022-06-08T11:49:40","modified_gmt":"2022-06-08T15:49:40","slug":"assistance","status":"publish","type":"page","link":"https:\/\/telecomsat.ca\/en\/assistance\/","title":{"rendered":"Assistance"},"content":{"rendered":"<p>[et_pb_section fb_built=&#8221;1&#8243; _builder_version=&#8221;4.16&#8243; _module_preset=&#8221;default&#8221; use_background_color_gradient=&#8221;on&#8221; background_color_gradient_stops=&#8221;rgba(42,43,94,0.66) 0%|rgba(42,43,94,0.46) 100%&#8221; background_color_gradient_overlays_image=&#8221;on&#8221; background_color_gradient_start=&#8221;rgba(42,43,94,0.66)&#8221; background_color_gradient_end=&#8221;rgba(42,43,94,0.46)&#8221; background_image=&#8221;https:\/\/telecomsat.ca\/wp-content\/uploads\/2021\/03\/hero-apropos.jpg&#8221; global_colors_info=&#8221;{}&#8221;][et_pb_row _builder_version=&#8221;4.16&#8243; _module_preset=&#8221;default&#8221; global_colors_info=&#8221;{}&#8221;][et_pb_column type=&#8221;4_4&#8243; _builder_version=&#8221;4.16&#8243; _module_preset=&#8221;default&#8221; global_colors_info=&#8221;{}&#8221;][et_pb_text _builder_version=&#8221;4.16&#8243; _module_preset=&#8221;default&#8221; header_font=&#8221;Montserrat|700|||||||&#8221; header_text_color=&#8221;#FFFFFF&#8221; header_font_size=&#8221;60px&#8221; custom_padding=&#8221;4vw||4vw||false|false&#8221; locked=&#8221;off&#8221; global_colors_info=&#8221;{}&#8221;]<\/p>\n<div class=\"et_pb_column et_pb_column_4_4 et_pb_column_0  et_pb_css_mix_blend_mode_passthrough et-last-child\">\n<div class=\"et_pb_module et_pb_text et_pb_text_0  et_pb_text_align_left et_pb_bg_layout_light\">\n<div class=\"et_pb_text_inner\">\n<h1>Assistance<\/h1>\n<\/div>\n<\/div>\n<\/div>\n<p>[\/et_pb_text][\/et_pb_column][\/et_pb_row][\/et_pb_section][et_pb_section fb_built=&#8221;1&#8243; _builder_version=&#8221;4.16&#8243; _module_preset=&#8221;default&#8221; use_background_color_gradient=&#8221;on&#8221; background_color_gradient_stops=&#8221;#372645 0%|#1d1a35 100%&#8221; background_color_gradient_start=&#8221;#372645&#8243; background_color_gradient_end=&#8221;#1d1a35&#8243; custom_margin=&#8221;||||false|false&#8221; custom_padding=&#8221;||||false|false&#8221; locked=&#8221;off&#8221; global_colors_info=&#8221;{}&#8221;][et_pb_row _builder_version=&#8221;4.16&#8243; _module_preset=&#8221;default&#8221; global_colors_info=&#8221;{}&#8221;][et_pb_column type=&#8221;4_4&#8243; _builder_version=&#8221;4.16&#8243; _module_preset=&#8221;default&#8221; global_colors_info=&#8221;{}&#8221;][et_pb_text _builder_version=&#8221;4.17.4&#8243; _module_preset=&#8221;default&#8221; header_2_font=&#8221;Montserrat|700|||||||&#8221; header_2_text_align=&#8221;center&#8221; header_2_text_color=&#8221;#FFFFFF&#8221; header_2_font_size=&#8221;32px&#8221; hover_enabled=&#8221;0&#8243; global_colors_info=&#8221;{}&#8221; sticky_enabled=&#8221;0&#8243;]<\/p>\n<h2>Customer assistance and user manuals<\/h2>\n<p>[\/et_pb_text][\/et_pb_column][\/et_pb_row][\/et_pb_section][et_pb_section fb_built=&#8221;1&#8243; _builder_version=&#8221;4.16&#8243; _module_preset=&#8221;default&#8221; global_colors_info=&#8221;{}&#8221;][et_pb_row _builder_version=&#8221;4.16&#8243; _module_preset=&#8221;default&#8221; global_colors_info=&#8221;{}&#8221;][et_pb_column type=&#8221;4_4&#8243; _builder_version=&#8221;4.16&#8243; _module_preset=&#8221;default&#8221; global_colors_info=&#8221;{}&#8221;][et_pb_text _builder_version=&#8221;4.17.4&#8243; _module_preset=&#8221;default&#8221; text_font=&#8221;Roboto|300|||||||&#8221; text_text_color=&#8221;#000000&#8243; text_font_size=&#8221;18px&#8221; header_3_font=&#8221;Montserrat|600|||||||&#8221; header_3_text_color=&#8221;#372645&#8243; header_3_line_height=&#8221;1.4em&#8221; custom_margin=&#8221;0px||||false|false&#8221; custom_padding=&#8221;0px||||false|false&#8221; hover_enabled=&#8221;0&#8243; locked=&#8221;off&#8221; global_colors_info=&#8221;{}&#8221; sticky_enabled=&#8221;0&#8243;]<\/p>\n<h3>In this section, you will find user manuals, useful links, important notices and services offered to get the most out of your equipment.<\/h3>\n<p>[\/et_pb_text][et_pb_text _builder_version=&#8221;4.17.4&#8243; _module_preset=&#8221;default&#8221; text_font=&#8221;Roboto|300|||||||&#8221; text_text_color=&#8221;#000000&#8243; text_font_size=&#8221;18px&#8221; header_3_font=&#8221;Montserrat|600|||||||&#8221; header_3_text_color=&#8221;#372645&#8243; header_3_line_height=&#8221;1.4em&#8221; custom_margin=&#8221;0px||||false|false&#8221; custom_padding=&#8221;0px||||false|false&#8221; hover_enabled=&#8221;0&#8243; global_colors_info=&#8221;{}&#8221; sticky_enabled=&#8221;0&#8243;]<\/p>\n<h3>SMS IRIDIUM<\/h3>\n<p>Sending a free SMS to an Iridium phone:<br \/><a href=\"http:\/\/messaging.iridium.com\/\" target=\"_blank\" rel=\"noopener\">http:\/\/messaging.iridium.com\/<\/a><\/p>\n<p>[\/et_pb_text][et_pb_text _builder_version=&#8221;4.17.4&#8243; _module_preset=&#8221;default&#8221; text_font=&#8221;Roboto|300|||||||&#8221; text_text_color=&#8221;#000000&#8243; text_font_size=&#8221;18px&#8221; header_3_font=&#8221;Montserrat|600|||||||&#8221; header_3_text_color=&#8221;#372645&#8243; header_3_line_height=&#8221;1.4em&#8221; custom_margin=&#8221;0px||||false|false&#8221; custom_padding=&#8221;0px||||false|false&#8221; hover_enabled=&#8221;0&#8243; global_colors_info=&#8221;{}&#8221; sticky_enabled=&#8221;0&#8243;]<\/p>\n<h3>User manuals<\/h3>\n<ul>\n<li><a href=\"https:\/\/www.iridium.com\/idr-file\/305777\" target=\"_blank\" rel=\"noopener\">Iridium 9555 &#8211; User Manual<\/a><\/li>\n<li><a href=\"https:\/\/www.iridium.com\/idr-file\/305415\" target=\"_blank\" rel=\"noopener\">Iridium Extreme\u00ae 9575 &#8211; User Manual<\/a><\/li>\n<li><a href=\"https:\/\/www.iridium.com\/idr-file\/305777\" target=\"_blank\" rel=\"noopener\">Iridium Extreme\u00ae 9575 &#8211; Quick Start Guide<\/a><\/li>\n<li><a href=\"https:\/\/www.iridium.com\/resources\/resource-download\/?resource-id=305456\" target=\"_blank\" rel=\"noopener\">Iridium 9505A &#8211; User Manual<\/a><\/li>\n<\/ul>\n<p>[\/et_pb_text][et_pb_text _builder_version=&#8221;4.17.4&#8243; _module_preset=&#8221;default&#8221; text_font=&#8221;Roboto|300|||||||&#8221; text_text_color=&#8221;#000000&#8243; text_font_size=&#8221;18px&#8221; header_3_font=&#8221;Montserrat|600|||||||&#8221; header_3_text_color=&#8221;#372645&#8243; header_3_line_height=&#8221;1.4em&#8221; custom_margin=&#8221;0px||||false|false&#8221; custom_padding=&#8221;0px||||false|false&#8221; hover_enabled=&#8221;0&#8243; global_colors_info=&#8221;{}&#8221; sticky_enabled=&#8221;0&#8243;]<\/p>\n<h3>Iridium documentation<\/h3>\n<ul>\n<li><a href=\"https:\/\/www.sq.gouv.qc.ca\/nous-joindre\/\" target=_blank\">Emergency numbers with a satellite device<\/a><\/li>\n<li><a href=\"http:\/\/www.telecomsat.ca\/fr\/data\/file\/iridium_procedure_deblocage.pdf\">Procedure for unlocking the SIM card<\/a><\/li>\n<li><a href=\"http:\/\/www.telecomsat.ca\/fr\/data\/file\/AVIS%20IMPORTANT%2020140408.pdf\">Important notice \u2013 prepaid cards<\/a><\/li>\n<li><a href=\"http:\/\/www.telecomsat.ca\/fr\/data\/file\/Iridium-Voice-Mail-Setup-Instructions-French.pdf\">Voicemail operation<\/a><\/li>\n<li><a href=\"http:\/\/www.telecomsat.ca\/fr\/data\/file\/Iridium%20Epoch%20timeFR.pdf\">Setting the time <\/a><\/li>\n<\/ul>\n<p>[\/et_pb_text][\/et_pb_column][\/et_pb_row][\/et_pb_section][et_pb_section fb_built=&#8221;1&#8243; _builder_version=&#8221;4.16&#8243; _module_preset=&#8221;default&#8221; use_background_color_gradient=&#8221;on&#8221; background_color_gradient_stops=&#8221;#f9f9f9 0%|rgba(239,239,239,0) 23%&#8221; background_color_gradient_start=&#8221;#f9f9f9&#8243; background_color_gradient_end=&#8221;rgba(239,239,239,0)&#8221; background_color_gradient_end_position=&#8221;23%&#8221; background_color_gradient_stops_tablet=&#8221;#f9f9f9 0%|rgba(239,239,239,0) 23%&#8221; background_color_gradient_stops_phone=&#8221;#f9f9f9 0%|rgba(239,239,239,0) 23%&#8221; global_module=&#8221;323&#8243; saved_tabs=&#8221;all&#8221; locked=&#8221;off&#8221; global_colors_info=&#8221;{}&#8221;][et_pb_row column_structure=&#8221;1_3,1_3,1_3&#8243; _builder_version=&#8221;4.16&#8243; _module_preset=&#8221;default&#8221; global_colors_info=&#8221;{}&#8221;][et_pb_column type=&#8221;1_3&#8243; _builder_version=&#8221;4.16&#8243; _module_preset=&#8221;default&#8221; global_colors_info=&#8221;{}&#8221;][et_pb_image src=&#8221;https:\/\/telecomsat.ca\/wp-content\/uploads\/2021\/03\/logo-iridium.png&#8221; alt=&#8221;Irridium &#8211; T\u00e9l\u00e9phone Satellite&#8221; title_text=&#8221;logo-iridium&#8221; _builder_version=&#8221;4.16&#8243; _module_preset=&#8221;default&#8221; background_color=&#8221;RGBA(0,0,0,0)&#8221; custom_margin=&#8221;||0px||false|false&#8221; custom_padding=&#8221;||0px||false|false&#8221; border_radii=&#8221;on|1px|1px|1px|1px&#8221; global_colors_info=&#8221;{}&#8221;][\/et_pb_image][et_pb_text _builder_version=&#8221;4.17.4&#8243; _module_preset=&#8221;default&#8221; text_font=&#8221;Roboto|300|||||||&#8221; text_text_color=&#8221;#000000&#8243; text_font_size=&#8221;16px&#8221; custom_margin=&#8221;0px||||false|false&#8221; custom_padding=&#8221;0px||||false|false&#8221; locked=&#8221;off&#8221; global_colors_info=&#8221;{}&#8221;]<\/p>\n<p>With the largest commercial constellation of 66 low Earth orbit (LEO) cross-linked satellites, Iridium operates as a fully meshed network supported by multiple spare satellites. It is the only service with worldwide coverage.<\/p>\n<p>[\/et_pb_text][\/et_pb_column][et_pb_column type=&#8221;1_3&#8243; _builder_version=&#8221;4.16&#8243; _module_preset=&#8221;default&#8221; global_colors_info=&#8221;{}&#8221;][et_pb_image src=&#8221;https:\/\/telecomsat.ca\/wp-content\/uploads\/2021\/03\/logo-garmin.png&#8221; alt=&#8221;Garmin Inreach&#8221; title_text=&#8221;logo-garmin&#8221; _builder_version=&#8221;4.16&#8243; _module_preset=&#8221;default&#8221; background_color=&#8221;RGBA(0,0,0,0)&#8221; custom_margin=&#8221;||0px||false|false&#8221; custom_padding=&#8221;||0px||false|false&#8221; border_radii=&#8221;on|1px|1px|1px|1px&#8221; global_colors_info=&#8221;{}&#8221;][\/et_pb_image][et_pb_text _builder_version=&#8221;4.17.4&#8243; _module_preset=&#8221;default&#8221; text_font=&#8221;Roboto|300|||||||&#8221; text_text_color=&#8221;#000000&#8243; text_font_size=&#8221;16px&#8221; custom_margin=&#8221;0px||||false|false&#8221; custom_padding=&#8221;0px||||false|false&#8221; locked=&#8221;off&#8221; global_colors_info=&#8221;{}&#8221;]<\/p>\n<p>The Garmin InReach may be small in size, but it has the same basic functions as GPS satellite communication devices. A must-have for expeditions or any type of work in areas where the safety of your employees is at stake.<\/p>\n<p>[\/et_pb_text][\/et_pb_column][et_pb_column type=&#8221;1_3&#8243; _builder_version=&#8221;4.16&#8243; _module_preset=&#8221;default&#8221; global_colors_info=&#8221;{}&#8221;][et_pb_image src=&#8221;https:\/\/telecomsat.ca\/wp-content\/uploads\/2021\/04\/logo-icom.png&#8221; alt=&#8221;Icom Canada&#8221; title_text=&#8221;logo-icom&#8221; _builder_version=&#8221;4.16&#8243; _module_preset=&#8221;default&#8221; background_color=&#8221;RGBA(0,0,0,0)&#8221; custom_margin=&#8221;||0px||false|false&#8221; custom_padding=&#8221;||0px||false|false&#8221; border_radii=&#8221;on|1px|1px|1px|1px&#8221; global_colors_info=&#8221;{}&#8221;][\/et_pb_image][et_pb_text _builder_version=&#8221;4.17.4&#8243; _module_preset=&#8221;default&#8221; text_font=&#8221;Roboto|300|||||||&#8221; text_text_color=&#8221;#000000&#8243; text_font_size=&#8221;16px&#8221; custom_margin=&#8221;0px||||false|false&#8221; custom_padding=&#8221;0px||||false|false&#8221; locked=&#8221;off&#8221; global_colors_info=&#8221;{}&#8221;]<\/p>\n<p>Since creating its first radio in 1954 in Osaka, Japan, Icom has been dedicated to quality, innovation, performance and intuitive use. Icom stands out from the crowd through its commitment to design excellence and high-quality components in every product. <\/p>\n<p>[\/et_pb_text][\/et_pb_column][\/et_pb_row][\/et_pb_section][et_pb_section fb_built=&#8221;1&#8243; _builder_version=&#8221;4.16&#8243; _module_preset=&#8221;default&#8221; background_image=&#8221;https:\/\/telecomsat.ca\/wp-content\/uploads\/2021\/02\/bg-promotion.jpg&#8221; global_module=&#8221;104&#8243; saved_tabs=&#8221;all&#8221; locked=&#8221;off&#8221; global_colors_info=&#8221;{}&#8221;][et_pb_row column_structure=&#8221;2_3,1_3&#8243; _builder_version=&#8221;4.16&#8243; _module_preset=&#8221;default&#8221; global_colors_info=&#8221;{}&#8221;][et_pb_column type=&#8221;2_3&#8243; _builder_version=&#8221;4.16&#8243; _module_preset=&#8221;default&#8221; global_colors_info=&#8221;{}&#8221;][et_pb_text _builder_version=&#8221;4.17.4&#8243; _module_preset=&#8221;default&#8221; header_font=&#8221;||||||||&#8221; header_text_align=&#8221;left&#8221; header_3_font=&#8221;Montserrat|700|||||||&#8221; header_3_text_align=&#8221;left&#8221; header_3_text_color=&#8221;#FFFFFF&#8221; header_3_font_size=&#8221;32px&#8221; global_colors_info=&#8221;{}&#8221;]<\/p>\n<h3>Special offer<\/h3>\n<p>[\/et_pb_text][et_pb_text _builder_version=&#8221;4.17.4&#8243; _module_preset=&#8221;default&#8221; text_font=&#8221;Roboto||||||||&#8221; text_text_color=&#8221;#FFFFFF&#8221; text_font_size=&#8221;21px&#8221; global_colors_info=&#8221;{}&#8221;]<\/p>\n<p>With any satellite phone rental, get 15 minutes free and pay only $1 per additional minute.<\/p>\n<p>[\/et_pb_text][et_pb_button button_url=&#8221;https:\/\/telecomsat.ca\/en\/reservation\/&#8221; button_text=&#8221;Reserve yours now!&#8221; button_alignment=&#8221;left&#8221; _builder_version=&#8221;4.17.4&#8243; _module_preset=&#8221;default&#8221; custom_button=&#8221;on&#8221; button_text_color=&#8221;#FFFFFF&#8221; button_bg_color=&#8221;RGBA(0,0,0,0)&#8221; button_border_width=&#8221;2px&#8221; button_use_icon=&#8221;off&#8221; background_layout=&#8221;dark&#8221; global_colors_info=&#8221;{}&#8221; button_bg_color__hover_enabled=&#8221;on|hover&#8221; button_text_color__hover_enabled=&#8221;on|desktop&#8221; button_text_color__hover=&#8221;#2a2b5e&#8221; button_border_color__hover_enabled=&#8221;on|hover&#8221; button_border_color__hover=&#8221;#2a2b5e&#8221; button_bg_color__hover=&#8221;#FFFFFF&#8221; button_bg_enable_color__hover=&#8221;on&#8221;][\/et_pb_button][\/et_pb_column][et_pb_column type=&#8221;1_3&#8243; _builder_version=&#8221;4.16&#8243; _module_preset=&#8221;default&#8221; global_colors_info=&#8221;{}&#8221;][\/et_pb_column][\/et_pb_row][\/et_pb_section][et_pb_section fb_built=&#8221;1&#8243; module_id=&#8221;footer&#8221; _builder_version=&#8221;4.16&#8243; _module_preset=&#8221;default&#8221; background_color=&#8221;#2a2b5e&#8221; global_module=&#8221;96&#8243; saved_tabs=&#8221;all&#8221; locked=&#8221;off&#8221; global_colors_info=&#8221;{}&#8221;][et_pb_row column_structure=&#8221;1_3,1_3,1_3&#8243; _builder_version=&#8221;4.16&#8243; _module_preset=&#8221;default&#8221; global_colors_info=&#8221;{}&#8221;][et_pb_column type=&#8221;1_3&#8243; _builder_version=&#8221;4.16&#8243; _module_preset=&#8221;default&#8221; global_colors_info=&#8221;{}&#8221;][et_pb_text _builder_version=&#8221;4.17.4&#8243; _module_preset=&#8221;default&#8221; ul_text_color=&#8221;#FFFFFF&#8221; header_font=&#8221;Montserrat|600|||||||&#8221; header_3_font=&#8221;Montserrat|700|||||||&#8221; header_3_text_color=&#8221;#ffffff&#8221; header_3_line_height=&#8221;2em&#8221; global_colors_info=&#8221;{}&#8221;]<\/p>\n<h3>Our services<\/h3>\n<ul>\n<li><a href=\"https:\/\/telecomsat.ca\/en\/satellite-phone-rental\/\">Satellite phones to rent or buy<\/a><\/li>\n<li><a href=\"https:\/\/telecomsat.ca\/en\/satellite-phone-rental\/#9555\">Iridium<\/a><\/li>\n<li><a href=\"https:\/\/telecomsat.ca\/en\/satellite-phone-rental\/#9575\">Iridium Extreme\u2122 9575<\/a><\/li>\n<li><a href=\"https:\/\/telecomsat.ca\/en\/satellite-phone-rental\/#GO\">Iridium GO! \u2122<\/a><\/li>\n<li><a href=\"https:\/\/telecomsat.ca\/en\/satellite-phone-rental\/#iconsat100\">Icom-SAT100<\/a><\/li>\n<li><a href=\"https:\/\/telecomsat.ca\/en\/satellite-phone-rental\/#garmininreach\">Garmin InReach<\/a><\/li>\n<li>Iridium calling cards<\/li>\n<\/ul>\n<p>[\/et_pb_text][\/et_pb_column][et_pb_column type=&#8221;1_3&#8243; _builder_version=&#8221;4.16&#8243; _module_preset=&#8221;default&#8221; global_colors_info=&#8221;{}&#8221;][et_pb_text _builder_version=&#8221;4.17.4&#8243; _module_preset=&#8221;default&#8221; ul_text_color=&#8221;#FFFFFF&#8221; header_font=&#8221;Montserrat|600|||||||&#8221; header_3_font=&#8221;Montserrat|700|||||||&#8221; header_3_text_color=&#8221;#ffffff&#8221; header_3_line_height=&#8221;2em&#8221; global_colors_info=&#8221;{}&#8221;]<\/p>\n<h3>Support<\/h3>\n<ul>\n<li><a href=\"https:\/\/telecomsat.ca\/en\/assistance\/\">Assistance and user manuals<\/a><\/li>\n<li><a href=\"https:\/\/telecomsat.ca\/en\/about\/\">About<\/a><\/li>\n<li><a href=\"https:\/\/telecomsat.ca\/en\/contact\/\">Contact<\/a><\/li>\n<li><a href=\"https:\/\/telecomsat.ca\/en\/privacy-policy\/\">Privacy policy<\/li>\n<\/ul>\n<p>[\/et_pb_text][\/et_pb_column][et_pb_column type=&#8221;1_3&#8243; _builder_version=&#8221;4.16&#8243; _module_preset=&#8221;default&#8221; global_colors_info=&#8221;{}&#8221;][et_pb_text _builder_version=&#8221;4.17.4&#8243; _module_preset=&#8221;default&#8221; text_text_color=&#8221;#ffffff&#8221; header_3_font=&#8221;Montserrat|700|||||||&#8221; header_3_text_color=&#8221;#ffffff&#8221; header_3_line_height=&#8221;2em&#8221; global_colors_info=&#8221;{}&#8221;]<\/p>\n<h3>TelecomSat<\/h3>\n<p>270, rue St-Antoine Ouest,<br \/>Mezzanine Level, Suite 310<br \/>Montr\u00e9al (Qu\u00e9bec) H2Y 0A3<br \/>(The office is located in the Westin Hotel)<\/p>\n<p>Opening hours:<br \/>Monday to Friday: 9 a.m. to 5 p.m.<br \/>Saturday and Sunday: closed<br \/>Telephone\u00a0: <a href=\"tel:5143574448\"><strong>514\u00a0357-4448<\/strong><\/a><br \/><a href=\"mailto:info@telecomsat.com\"><strong>info@telecomsat.com<\/strong><\/a><\/p>\n<p>[\/et_pb_text][\/et_pb_column][\/et_pb_row][\/et_pb_section]<\/p>\n","protected":false},"excerpt":{"rendered":"<p>Assistance Customer assistance and user manualsIn this section, you will find user manuals, useful links, important notices and services offered to get the most out of your equipment.SMS IRIDIUM Sending a free SMS to an Iridium phone:http:\/\/messaging.iridium.com\/User manuals Iridium 9555 &#8211; User Manual Iridium Extreme\u00ae 9575 &#8211; User Manual Iridium Extreme\u00ae 9575 &#8211; Quick Start [&hellip;]<\/p>\n","protected":false},"author":1,"featured_media":0,"parent":0,"menu_order":0,"comment_status":"closed","ping_status":"closed","template":"","meta":{"_et_pb_use_builder":"on","_et_pb_old_content":"","_et_gb_content_width":"","footnotes":""},"class_list":["post-612","page","type-page","status-publish","hentry"],"yoast_head":"<!-- This site is optimized with the Yoast SEO plugin v23.5 - https:\/\/yoast.com\/wordpress\/plugins\/seo\/ -->\n<title>Assistance - TelecomSat<\/title>\n<meta name=\"robots\" content=\"index, follow, max-snippet:-1, max-image-preview:large, max-video-preview:-1\" \/>\n<link rel=\"canonical\" href=\"https:\/\/telecomsat.ca\/en\/assistance\/\" \/>\n<meta property=\"og:locale\" content=\"en_US\" \/>\n<meta property=\"og:type\" content=\"article\" \/>\n<meta property=\"og:title\" content=\"Assistance - TelecomSat\" \/>\n<meta property=\"og:description\" content=\"Assistance Customer assistance and user manualsIn this section, you will find user manuals, useful links, important notices and services offered to get the most out of your equipment.SMS IRIDIUM Sending a free SMS to an Iridium phone:http:\/\/messaging.iridium.com\/User manuals Iridium 9555 - User Manual Iridium Extreme\u00ae 9575 - User Manual Iridium Extreme\u00ae 9575 - Quick Start [&hellip;]\" \/>\n<meta property=\"og:url\" content=\"https:\/\/telecomsat.ca\/en\/assistance\/\" \/>\n<meta property=\"og:site_name\" content=\"TelecomSat\" \/>\n<meta property=\"article:modified_time\" content=\"2022-06-08T15:49:40+00:00\" \/>\n<meta name=\"twitter:card\" content=\"summary_large_image\" \/>\n<meta name=\"twitter:label1\" content=\"Est. reading time\" \/>\n\t<meta name=\"twitter:data1\" content=\"3 minutes\" \/>\n<script type=\"application\/ld+json\" class=\"yoast-schema-graph\">{\"@context\":\"https:\/\/schema.org\",\"@graph\":[{\"@type\":\"WebPage\",\"@id\":\"https:\/\/telecomsat.ca\/en\/assistance\/\",\"url\":\"https:\/\/telecomsat.ca\/en\/assistance\/\",\"name\":\"Assistance - TelecomSat\",\"isPartOf\":{\"@id\":\"https:\/\/telecomsat.ca\/en\/#website\"},\"datePublished\":\"2021-03-18T20:29:15+00:00\",\"dateModified\":\"2022-06-08T15:49:40+00:00\",\"breadcrumb\":{\"@id\":\"https:\/\/telecomsat.ca\/en\/assistance\/#breadcrumb\"},\"inLanguage\":\"en-US\",\"potentialAction\":[{\"@type\":\"ReadAction\",\"target\":[\"https:\/\/telecomsat.ca\/en\/assistance\/\"]}]},{\"@type\":\"BreadcrumbList\",\"@id\":\"https:\/\/telecomsat.ca\/en\/assistance\/#breadcrumb\",\"itemListElement\":[{\"@type\":\"ListItem\",\"position\":1,\"name\":\"Accueil\",\"item\":\"https:\/\/telecomsat.ca\/en\/\"},{\"@type\":\"ListItem\",\"position\":2,\"name\":\"Assistance\"}]},{\"@type\":\"WebSite\",\"@id\":\"https:\/\/telecomsat.ca\/en\/#website\",\"url\":\"https:\/\/telecomsat.ca\/en\/\",\"name\":\"TelecomSat\",\"description\":\"Location de t\u00e9l\u00e9phone satellite au Qu\u00e9bec\",\"publisher\":{\"@id\":\"https:\/\/telecomsat.ca\/en\/#organization\"},\"potentialAction\":[{\"@type\":\"SearchAction\",\"target\":{\"@type\":\"EntryPoint\",\"urlTemplate\":\"https:\/\/telecomsat.ca\/en\/?s={search_term_string}\"},\"query-input\":{\"@type\":\"PropertyValueSpecification\",\"valueRequired\":true,\"valueName\":\"search_term_string\"}}],\"inLanguage\":\"en-US\"},{\"@type\":\"Organization\",\"@id\":\"https:\/\/telecomsat.ca\/en\/#organization\",\"name\":\"Telecomsat\",\"url\":\"https:\/\/telecomsat.ca\/en\/\",\"logo\":{\"@type\":\"ImageObject\",\"inLanguage\":\"en-US\",\"@id\":\"https:\/\/telecomsat.ca\/en\/#\/schema\/logo\/image\/\",\"url\":\"https:\/\/telecomsat.ca\/wp-content\/uploads\/2022\/07\/logo-telecomsat-2.png\",\"contentUrl\":\"https:\/\/telecomsat.ca\/wp-content\/uploads\/2022\/07\/logo-telecomsat-2.png\",\"width\":260,\"height\":120,\"caption\":\"Telecomsat\"},\"image\":{\"@id\":\"https:\/\/telecomsat.ca\/en\/#\/schema\/logo\/image\/\"}}]}<\/script>\n<!-- \/ Yoast SEO plugin. -->","yoast_head_json":{"title":"Assistance - TelecomSat","robots":{"index":"index","follow":"follow","max-snippet":"max-snippet:-1","max-image-preview":"max-image-preview:large","max-video-preview":"max-video-preview:-1"},"canonical":"https:\/\/telecomsat.ca\/en\/assistance\/","og_locale":"en_US","og_type":"article","og_title":"Assistance - TelecomSat","og_description":"Assistance Customer assistance and user manualsIn this section, you will find user manuals, useful links, important notices and services offered to get the most out of your equipment.SMS IRIDIUM Sending a free SMS to an Iridium phone:http:\/\/messaging.iridium.com\/User manuals Iridium 9555 - User Manual Iridium Extreme\u00ae 9575 - User Manual Iridium Extreme\u00ae 9575 - Quick Start [&hellip;]","og_url":"https:\/\/telecomsat.ca\/en\/assistance\/","og_site_name":"TelecomSat","article_modified_time":"2022-06-08T15:49:40+00:00","twitter_card":"summary_large_image","twitter_misc":{"Est. reading time":"3 minutes"},"schema":{"@context":"https:\/\/schema.org","@graph":[{"@type":"WebPage","@id":"https:\/\/telecomsat.ca\/en\/assistance\/","url":"https:\/\/telecomsat.ca\/en\/assistance\/","name":"Assistance - TelecomSat","isPartOf":{"@id":"https:\/\/telecomsat.ca\/en\/#website"},"datePublished":"2021-03-18T20:29:15+00:00","dateModified":"2022-06-08T15:49:40+00:00","breadcrumb":{"@id":"https:\/\/telecomsat.ca\/en\/assistance\/#breadcrumb"},"inLanguage":"en-US","potentialAction":[{"@type":"ReadAction","target":["https:\/\/telecomsat.ca\/en\/assistance\/"]}]},{"@type":"BreadcrumbList","@id":"https:\/\/telecomsat.ca\/en\/assistance\/#breadcrumb","itemListElement":[{"@type":"ListItem","position":1,"name":"Accueil","item":"https:\/\/telecomsat.ca\/en\/"},{"@type":"ListItem","position":2,"name":"Assistance"}]},{"@type":"WebSite","@id":"https:\/\/telecomsat.ca\/en\/#website","url":"https:\/\/telecomsat.ca\/en\/","name":"TelecomSat","description":"Location de t\u00e9l\u00e9phone satellite au Qu\u00e9bec","publisher":{"@id":"https:\/\/telecomsat.ca\/en\/#organization"},"potentialAction":[{"@type":"SearchAction","target":{"@type":"EntryPoint","urlTemplate":"https:\/\/telecomsat.ca\/en\/?s={search_term_string}"},"query-input":{"@type":"PropertyValueSpecification","valueRequired":true,"valueName":"search_term_string"}}],"inLanguage":"en-US"},{"@type":"Organization","@id":"https:\/\/telecomsat.ca\/en\/#organization","name":"Telecomsat","url":"https:\/\/telecomsat.ca\/en\/","logo":{"@type":"ImageObject","inLanguage":"en-US","@id":"https:\/\/telecomsat.ca\/en\/#\/schema\/logo\/image\/","url":"https:\/\/telecomsat.ca\/wp-content\/uploads\/2022\/07\/logo-telecomsat-2.png","contentUrl":"https:\/\/telecomsat.ca\/wp-content\/uploads\/2022\/07\/logo-telecomsat-2.png","width":260,"height":120,"caption":"Telecomsat"},"image":{"@id":"https:\/\/telecomsat.ca\/en\/#\/schema\/logo\/image\/"}}]}},"_links":{"self":[{"href":"https:\/\/telecomsat.ca\/en\/wp-json\/wp\/v2\/pages\/612","targetHints":{"allow":["GET"]}}],"collection":[{"href":"https:\/\/telecomsat.ca\/en\/wp-json\/wp\/v2\/pages"}],"about":[{"href":"https:\/\/telecomsat.ca\/en\/wp-json\/wp\/v2\/types\/page"}],"author":[{"embeddable":true,"href":"https:\/\/telecomsat.ca\/en\/wp-json\/wp\/v2\/users\/1"}],"replies":[{"embeddable":true,"href":"https:\/\/telecomsat.ca\/en\/wp-json\/wp\/v2\/comments?post=612"}],"version-history":[{"count":8,"href":"https:\/\/telecomsat.ca\/en\/wp-json\/wp\/v2\/pages\/612\/revisions"}],"predecessor-version":[{"id":651,"href":"https:\/\/telecomsat.ca\/en\/wp-json\/wp\/v2\/pages\/612\/revisions\/651"}],"wp:attachment":[{"href":"https:\/\/telecomsat.ca\/en\/wp-json\/wp\/v2\/media?parent=612"}],"curies":[{"name":"wp","href":"https:\/\/api.w.org\/{rel}","templated":true}]}}