{"id":572,"date":"2021-03-17T13:04:26","date_gmt":"2021-03-17T17:04:26","guid":{"rendered":"https:\/\/antonin.ca\/clients\/telecomsat\/reservation\/"},"modified":"2022-06-02T10:02:08","modified_gmt":"2022-06-02T14:02:08","slug":"reservation","status":"publish","type":"page","link":"https:\/\/telecomsat.ca\/en\/reservation\/","title":{"rendered":"Reservation"},"content":{"rendered":"<p>[et_pb_section fb_built=&#8221;1&#8243; _builder_version=&#8221;4.16&#8243; _module_preset=&#8221;default&#8221; use_background_color_gradient=&#8221;on&#8221; background_color_gradient_stops=&#8221;rgba(42,43,94,0.66) 0%|rgba(42,43,94,0.46) 100%&#8221; background_color_gradient_overlays_image=&#8221;on&#8221; background_color_gradient_start=&#8221;rgba(42,43,94,0.66)&#8221; background_color_gradient_end=&#8221;rgba(42,43,94,0.46)&#8221; background_image=&#8221;https:\/\/telecomsat.ca\/wp-content\/uploads\/2021\/03\/hero-reservation.jpg&#8221; background_position=&#8221;top_center&#8221; global_colors_info=&#8221;{}&#8221;][et_pb_row _builder_version=&#8221;4.16&#8243; _module_preset=&#8221;default&#8221; global_colors_info=&#8221;{}&#8221;][et_pb_column type=&#8221;4_4&#8243; _builder_version=&#8221;4.16&#8243; _module_preset=&#8221;default&#8221; global_colors_info=&#8221;{}&#8221;][et_pb_text _builder_version=&#8221;4.17.4&#8243; _module_preset=&#8221;default&#8221; header_font=&#8221;Montserrat|700|||||||&#8221; header_text_color=&#8221;#FFFFFF&#8221; header_font_size=&#8221;60px&#8221; custom_padding=&#8221;4vw||4vw||false|false&#8221; locked=&#8221;off&#8221; global_colors_info=&#8221;{}&#8221;]<\/p>\n<h1>Reservation<\/h1>\n<p>[\/et_pb_text][\/et_pb_column][\/et_pb_row][\/et_pb_section][et_pb_section fb_built=&#8221;1&#8243; _builder_version=&#8221;4.16&#8243; _module_preset=&#8221;default&#8221; use_background_color_gradient=&#8221;on&#8221; background_color_gradient_stops=&#8221;#372645 0%|#1d1a35 100%&#8221; background_color_gradient_start=&#8221;#372645&#8243; background_color_gradient_end=&#8221;#1d1a35&#8243; custom_margin=&#8221;||||false|false&#8221; custom_padding=&#8221;||||false|false&#8221; locked=&#8221;off&#8221; global_colors_info=&#8221;{}&#8221;][et_pb_row _builder_version=&#8221;4.16&#8243; _module_preset=&#8221;default&#8221; global_colors_info=&#8221;{}&#8221;][et_pb_column type=&#8221;4_4&#8243; _builder_version=&#8221;4.16&#8243; _module_preset=&#8221;default&#8221; global_colors_info=&#8221;{}&#8221;][et_pb_text _builder_version=&#8221;4.17.4&#8243; _module_preset=&#8221;default&#8221; header_2_font=&#8221;Montserrat|700|||||||&#8221; header_2_text_align=&#8221;center&#8221; header_2_text_color=&#8221;#FFFFFF&#8221; header_2_font_size=&#8221;32px&#8221; global_colors_info=&#8221;{}&#8221;]<\/p>\n<h2>Reservation form for satellite phone rental<\/h2>\n<p>[\/et_pb_text][\/et_pb_column][\/et_pb_row][\/et_pb_section][et_pb_section fb_built=&#8221;1&#8243; _builder_version=&#8221;4.16&#8243; _module_preset=&#8221;default&#8221; global_colors_info=&#8221;{}&#8221;][et_pb_row column_structure=&#8221;1_2,1_2&#8243; _builder_version=&#8221;4.16&#8243; _module_preset=&#8221;default&#8221; global_colors_info=&#8221;{}&#8221;][et_pb_column type=&#8221;1_2&#8243; _builder_version=&#8221;4.16&#8243; _module_preset=&#8221;default&#8221; global_colors_info=&#8221;{}&#8221;][et_pb_text _builder_version=&#8221;4.17.4&#8243; _module_preset=&#8221;default&#8221; text_font=&#8221;Roboto|300|||||||&#8221; text_font_size=&#8221;18px&#8221; global_colors_info=&#8221;{}&#8221;]<\/p>\n<p>The basic model offered for rent by Tel-Loc is the Iridium 9555 satellite phone, which provides pole-to-pole coverage anywhere on the planet.<\/p>\n<p><strong>Rental includes the following items:<\/strong><\/p>\n<ul>\n<li>Nanuk 904 protective case<\/li>\n<li>Leather case<\/li>\n<li>Vehicle charger and wall charger<\/li>\n<li>Basic information guide on using the phone<\/li>\n<\/ul>\n<p>All our phones are tested before delivery. When you use the phone for the first time, we recommend that you test it before going to an area not covered by the cellular network.<\/p>\n<p>[\/et_pb_text][\/et_pb_column][et_pb_column type=&#8221;1_2&#8243; _builder_version=&#8221;4.16&#8243; _module_preset=&#8221;default&#8221; global_colors_info=&#8221;{}&#8221;][et_pb_text _builder_version=&#8221;4.17.4&#8243; _module_preset=&#8221;default&#8221; text_font=&#8221;Roboto|300|||||||&#8221; text_text_color=&#8221;#000000&#8243; text_font_size=&#8221;18px&#8221; header_3_font=&#8221;Montserrat|600|||||||&#8221; header_3_text_color=&#8221;#372645&#8243; header_3_line_height=&#8221;1.4em&#8221; custom_margin=&#8221;0px||||false|false&#8221; custom_padding=&#8221;0px||||false|false&#8221; locked=&#8221;off&#8221; global_colors_info=&#8221;{}&#8221;]<\/p>\n<h3>Special offer: With any satellite phone rental, get 15 minutes free and pay only $1 per additional minute. You can also check out the Garmin InReach rental, which includes an unlimited plan.<\/h3>\n<p>[\/et_pb_text][et_pb_text _builder_version=&#8221;4.17.4&#8243; _module_preset=&#8221;default&#8221; text_font=&#8221;Roboto|300|||||||&#8221; text_text_color=&#8221;#000000&#8243; text_font_size=&#8221;18px&#8221; header_3_font=&#8221;Montserrat|600|||||||&#8221; header_3_text_color=&#8221;#372645&#8243; header_3_font_size=&#8221;18px&#8221; header_3_line_height=&#8221;1.4em&#8221; custom_margin=&#8221;0px||||false|false&#8221; custom_padding=&#8221;0px||||false|false&#8221; locked=&#8221;off&#8221; global_colors_info=&#8221;{}&#8221;]<\/p>\n<p>Fill out the form below and one of our representatives will contact you shortly to confirm your reservation.<\/p>\n<p>[\/et_pb_text][et_pb_text _builder_version=&#8221;4.17.4&#8243; _module_preset=&#8221;default&#8221; global_colors_info=&#8221;{}&#8221;]<\/p>\n\n<div class=\"wpcf7 no-js\" id=\"wpcf7-f577-o1\" lang=\"en-US\" dir=\"ltr\">\n<div class=\"screen-reader-response\"><p role=\"status\" aria-live=\"polite\" aria-atomic=\"true\"><\/p> <ul><\/ul><\/div>\n<form action=\"\/en\/wp-json\/wp\/v2\/pages\/572#wpcf7-f577-o1\" method=\"post\" class=\"wpcf7-form init\" aria-label=\"Contact form\" novalidate=\"novalidate\" data-status=\"init\">\n<div style=\"display: none;\">\n<input type=\"hidden\" name=\"_wpcf7\" value=\"577\" \/>\n<input type=\"hidden\" name=\"_wpcf7_version\" value=\"5.9.8\" \/>\n<input type=\"hidden\" name=\"_wpcf7_locale\" value=\"en_US\" \/>\n<input type=\"hidden\" name=\"_wpcf7_unit_tag\" value=\"wpcf7-f577-o1\" \/>\n<input type=\"hidden\" name=\"_wpcf7_container_post\" value=\"0\" \/>\n<input type=\"hidden\" name=\"_wpcf7_posted_data_hash\" value=\"\" \/>\n<input type=\"hidden\" name=\"_wpcf7_recaptcha_response\" value=\"\" \/>\n<\/div>\n<p><label> Name<br \/>\n<label> <span class=\"wpcf7-form-control-wrap\" data-name=\"nom\"><input size=\"40\" maxlength=\"400\" class=\"wpcf7-form-control wpcf7-text wpcf7-validates-as-required\" aria-required=\"true\" aria-invalid=\"false\" value=\"\" type=\"text\" name=\"nom\" \/><\/span> <\/label><br \/>\n<label> Email<label><br \/>\n<label> <span class=\"wpcf7-form-control-wrap\" data-name=\"courriel\"><input size=\"40\" maxlength=\"400\" class=\"wpcf7-form-control wpcf7-email wpcf7-validates-as-required wpcf7-text wpcf7-validates-as-email\" aria-required=\"true\" aria-invalid=\"false\" value=\"\" type=\"email\" name=\"courriel\" \/><\/span> <\/label><br \/>\n<label> Phone<label><br \/>\n<label> <span class=\"wpcf7-form-control-wrap\" data-name=\"telephone\"><input size=\"40\" maxlength=\"400\" class=\"wpcf7-form-control wpcf7-text wpcf7-validates-as-required\" aria-required=\"true\" aria-invalid=\"false\" value=\"\" type=\"text\" name=\"telephone\" \/><\/span> <\/label><br \/>\n<label> Destination<br \/>\n<label> <span class=\"wpcf7-form-control-wrap\" data-name=\"destination\"><input size=\"40\" maxlength=\"400\" class=\"wpcf7-form-control wpcf7-text wpcf7-validates-as-required\" aria-required=\"true\" aria-invalid=\"false\" value=\"\" type=\"text\" name=\"destination\" \/><\/span> <\/label><br \/>\n<label> Departure date<label><br \/>\n<label><span class=\"wpcf7-form-control-wrap\" data-name=\"Datedudpart\"><input class=\"wpcf7-form-control wpcf7-date wpcf7-validates-as-required wpcf7-validates-as-date\" aria-required=\"true\" aria-invalid=\"false\" value=\"\" type=\"date\" name=\"Datedudpart\" \/><\/span> <\/label><br \/>\n<label> Return date<label><br \/>\n<label><span class=\"wpcf7-form-control-wrap\" data-name=\"Datederetour\"><input class=\"wpcf7-form-control wpcf7-date wpcf7-validates-as-required wpcf7-validates-as-date\" aria-required=\"true\" aria-invalid=\"false\" value=\"\" type=\"date\" name=\"Datederetour\" \/><\/span> <\/label><br \/>\n<label>Desired product <\/label><br \/>\n<span class=\"wpcf7-form-control-wrap\" data-name=\"produitrechercher\"><span class=\"wpcf7-form-control wpcf7-checkbox\"><span class=\"wpcf7-list-item first\"><label><input type=\"checkbox\" name=\"produitrechercher[]\" value=\"Je ne sais pas - I dont know\" \/><span class=\"wpcf7-list-item-label\">Je ne sais pas - I dont know<\/span><\/label><\/span><span class=\"wpcf7-list-item\"><label><input type=\"checkbox\" name=\"produitrechercher[]\" value=\"Iridium\" \/><span class=\"wpcf7-list-item-label\">Iridium<\/span><\/label><\/span><span class=\"wpcf7-list-item\"><label><input type=\"checkbox\" name=\"produitrechercher[]\" value=\"Iridium Extreme 9575\" \/><span class=\"wpcf7-list-item-label\">Iridium Extreme 9575<\/span><\/label><\/span><span class=\"wpcf7-list-item\"><label><input type=\"checkbox\" name=\"produitrechercher[]\" value=\"Iridium GO!\" \/><span class=\"wpcf7-list-item-label\">Iridium GO!<\/span><\/label><\/span><span class=\"wpcf7-list-item last\"><label><input type=\"checkbox\" name=\"produitrechercher[]\" value=\"Garmin InReach\" \/><span class=\"wpcf7-list-item-label\">Garmin InReach<\/span><\/label><\/span><\/span><\/span><br \/>\n<\/label><\/label><\/label><\/label><\/label><\/label><\/label><\/label><\/label><\/label>\n<\/p>\n<p>(If you\u2019re not sure which product best meets your needs, a representative will be happy to advise you.)\n<\/p>\n<p><input class=\"wpcf7-form-control wpcf7-submit has-spinner\" type=\"submit\" value=\"Envoyer\" \/>\n<\/p><div class=\"wpcf7-response-output\" aria-hidden=\"true\"><\/div>\n<\/form>\n<\/div>\n\n<p>[\/et_pb_text][\/et_pb_column][\/et_pb_row][\/et_pb_section][et_pb_section fb_built=&#8221;1&#8243; module_id=&#8221;footer&#8221; _builder_version=&#8221;4.16&#8243; _module_preset=&#8221;default&#8221; background_color=&#8221;#2a2b5e&#8221; global_module=&#8221;96&#8243; saved_tabs=&#8221;all&#8221; locked=&#8221;off&#8221; global_colors_info=&#8221;{}&#8221;][et_pb_row column_structure=&#8221;1_3,1_3,1_3&#8243; _builder_version=&#8221;4.16&#8243; _module_preset=&#8221;default&#8221; global_colors_info=&#8221;{}&#8221;][et_pb_column type=&#8221;1_3&#8243; _builder_version=&#8221;4.16&#8243; _module_preset=&#8221;default&#8221; global_colors_info=&#8221;{}&#8221;][et_pb_text _builder_version=&#8221;4.17.4&#8243; _module_preset=&#8221;default&#8221; ul_text_color=&#8221;#FFFFFF&#8221; header_font=&#8221;Montserrat|600|||||||&#8221; header_3_font=&#8221;Montserrat|700|||||||&#8221; header_3_text_color=&#8221;#ffffff&#8221; header_3_line_height=&#8221;2em&#8221; global_colors_info=&#8221;{}&#8221;]<\/p>\n<h3>Our services<\/h3>\n<ul>\n<li><a href=\"https:\/\/telecomsat.ca\/en\/satellite-phone-rental\/\">Satellite phones to rent or buy<\/a><\/li>\n<li><a href=\"https:\/\/telecomsat.ca\/en\/satellite-phone-rental\/#9555\">Iridium<\/a><\/li>\n<li><a href=\"https:\/\/telecomsat.ca\/en\/satellite-phone-rental\/#9575\">Iridium Extreme\u2122 9575<\/a><\/li>\n<li><a href=\"https:\/\/telecomsat.ca\/en\/satellite-phone-rental\/#GO\">Iridium GO! \u2122<\/a><\/li>\n<li><a href=\"https:\/\/telecomsat.ca\/en\/satellite-phone-rental\/#iconsat100\">Icom-SAT100<\/a><\/li>\n<li><a href=\"https:\/\/telecomsat.ca\/en\/satellite-phone-rental\/#garmininreach\">Garmin InReach<\/a><\/li>\n<li>Iridium calling cards<\/li>\n<\/ul>\n<p>[\/et_pb_text][\/et_pb_column][et_pb_column type=&#8221;1_3&#8243; _builder_version=&#8221;4.16&#8243; _module_preset=&#8221;default&#8221; global_colors_info=&#8221;{}&#8221;][et_pb_text _builder_version=&#8221;4.17.4&#8243; _module_preset=&#8221;default&#8221; ul_text_color=&#8221;#FFFFFF&#8221; header_font=&#8221;Montserrat|600|||||||&#8221; header_3_font=&#8221;Montserrat|700|||||||&#8221; header_3_text_color=&#8221;#ffffff&#8221; header_3_line_height=&#8221;2em&#8221; global_colors_info=&#8221;{}&#8221;]<\/p>\n<h3>Support<\/h3>\n<ul>\n<li><a href=\"https:\/\/telecomsat.ca\/assistance\/\">Assistance and user manuals<\/a><\/li>\n<li><a href=\"https:\/\/telecomsat.ca\/en\/about\/\">About<\/a><\/li>\n<li><a href=\"https:\/\/telecomsat.ca\/en\/contact\/\">Contact<\/a><\/li>\n<li><a href=\"https:\/\/telecomsat.ca\/politique-de-confidentialite\/\">Privacy policy<\/li>\n<\/ul>\n<p>[\/et_pb_text][\/et_pb_column][et_pb_column type=&#8221;1_3&#8243; _builder_version=&#8221;4.16&#8243; _module_preset=&#8221;default&#8221; global_colors_info=&#8221;{}&#8221;][et_pb_text _builder_version=&#8221;4.17.4&#8243; _module_preset=&#8221;default&#8221; text_text_color=&#8221;#ffffff&#8221; header_3_font=&#8221;Montserrat|700|||||||&#8221; header_3_text_color=&#8221;#ffffff&#8221; header_3_line_height=&#8221;2em&#8221; global_colors_info=&#8221;{}&#8221;]<\/p>\n<h3>TelecomSat<\/h3>\n<p>270, rue St-Antoine Ouest,<br \/>Mezzanine Level, Suite 310<br \/>Montr\u00e9al (Qu\u00e9bec) H2Y 0A3<br \/>(The office is located in the Westin Hotel)<\/p>\n<p>Opening hours:<br \/>Monday to Friday: 9 a.m. to 5 p.m.<br \/>Saturday and Sunday: closed<br \/>Telephone\u00a0: <a href=\"tel:5143574448\"><strong>514\u00a0357-4448<\/strong><\/a><br \/><a href=\"mailto:info@telecomsat.com\"><strong>info@telecomsat.com<\/strong><\/a><\/p>\n<p>[\/et_pb_text][\/et_pb_column][\/et_pb_row][\/et_pb_section]<\/p>\n","protected":false},"excerpt":{"rendered":"<p>ReservationReservation form for satellite phone rentalThe basic model offered for rent by Tel-Loc is the Iridium 9555 satellite phone, which provides pole-to-pole coverage anywhere on the planet. Rental includes the following items: Nanuk 904 protective case Leather case Vehicle charger and wall charger Basic information guide on using the phone All our phones are tested [&hellip;]<\/p>\n","protected":false},"author":1,"featured_media":0,"parent":0,"menu_order":0,"comment_status":"closed","ping_status":"closed","template":"","meta":{"_et_pb_use_builder":"on","_et_pb_old_content":"","_et_gb_content_width":"","footnotes":""},"class_list":["post-572","page","type-page","status-publish","hentry"],"yoast_head":"<!-- This site is optimized with the Yoast SEO plugin v23.5 - https:\/\/yoast.com\/wordpress\/plugins\/seo\/ -->\n<title>Reservation - TelecomSat<\/title>\n<meta name=\"robots\" content=\"index, follow, max-snippet:-1, max-image-preview:large, max-video-preview:-1\" \/>\n<link rel=\"canonical\" href=\"https:\/\/telecomsat.ca\/en\/reservation\/\" \/>\n<meta property=\"og:locale\" content=\"en_US\" \/>\n<meta property=\"og:type\" content=\"article\" \/>\n<meta property=\"og:title\" content=\"Reservation - TelecomSat\" \/>\n<meta property=\"og:description\" content=\"ReservationReservation form for satellite phone rentalThe basic model offered for rent by Tel-Loc is the Iridium 9555 satellite phone, which provides pole-to-pole coverage anywhere on the planet. Rental includes the following items: Nanuk 904 protective case Leather case Vehicle charger and wall charger Basic information guide on using the phone All our phones are tested [&hellip;]\" \/>\n<meta property=\"og:url\" content=\"https:\/\/telecomsat.ca\/en\/reservation\/\" \/>\n<meta property=\"og:site_name\" content=\"TelecomSat\" \/>\n<meta property=\"article:modified_time\" content=\"2022-06-02T14:02:08+00:00\" \/>\n<meta name=\"twitter:card\" content=\"summary_large_image\" \/>\n<meta name=\"twitter:label1\" content=\"Est. reading time\" \/>\n\t<meta name=\"twitter:data1\" content=\"4 minutes\" \/>\n<script type=\"application\/ld+json\" class=\"yoast-schema-graph\">{\"@context\":\"https:\/\/schema.org\",\"@graph\":[{\"@type\":\"WebPage\",\"@id\":\"https:\/\/telecomsat.ca\/en\/reservation\/\",\"url\":\"https:\/\/telecomsat.ca\/en\/reservation\/\",\"name\":\"Reservation - TelecomSat\",\"isPartOf\":{\"@id\":\"https:\/\/telecomsat.ca\/en\/#website\"},\"datePublished\":\"2021-03-17T17:04:26+00:00\",\"dateModified\":\"2022-06-02T14:02:08+00:00\",\"breadcrumb\":{\"@id\":\"https:\/\/telecomsat.ca\/en\/reservation\/#breadcrumb\"},\"inLanguage\":\"en-US\",\"potentialAction\":[{\"@type\":\"ReadAction\",\"target\":[\"https:\/\/telecomsat.ca\/en\/reservation\/\"]}]},{\"@type\":\"BreadcrumbList\",\"@id\":\"https:\/\/telecomsat.ca\/en\/reservation\/#breadcrumb\",\"itemListElement\":[{\"@type\":\"ListItem\",\"position\":1,\"name\":\"Accueil\",\"item\":\"https:\/\/telecomsat.ca\/en\/\"},{\"@type\":\"ListItem\",\"position\":2,\"name\":\"Reservation\"}]},{\"@type\":\"WebSite\",\"@id\":\"https:\/\/telecomsat.ca\/en\/#website\",\"url\":\"https:\/\/telecomsat.ca\/en\/\",\"name\":\"TelecomSat\",\"description\":\"Location de t\u00e9l\u00e9phone satellite au Qu\u00e9bec\",\"publisher\":{\"@id\":\"https:\/\/telecomsat.ca\/en\/#organization\"},\"potentialAction\":[{\"@type\":\"SearchAction\",\"target\":{\"@type\":\"EntryPoint\",\"urlTemplate\":\"https:\/\/telecomsat.ca\/en\/?s={search_term_string}\"},\"query-input\":{\"@type\":\"PropertyValueSpecification\",\"valueRequired\":true,\"valueName\":\"search_term_string\"}}],\"inLanguage\":\"en-US\"},{\"@type\":\"Organization\",\"@id\":\"https:\/\/telecomsat.ca\/en\/#organization\",\"name\":\"Telecomsat\",\"url\":\"https:\/\/telecomsat.ca\/en\/\",\"logo\":{\"@type\":\"ImageObject\",\"inLanguage\":\"en-US\",\"@id\":\"https:\/\/telecomsat.ca\/en\/#\/schema\/logo\/image\/\",\"url\":\"https:\/\/telecomsat.ca\/wp-content\/uploads\/2022\/07\/logo-telecomsat-2.png\",\"contentUrl\":\"https:\/\/telecomsat.ca\/wp-content\/uploads\/2022\/07\/logo-telecomsat-2.png\",\"width\":260,\"height\":120,\"caption\":\"Telecomsat\"},\"image\":{\"@id\":\"https:\/\/telecomsat.ca\/en\/#\/schema\/logo\/image\/\"}}]}<\/script>\n<!-- \/ Yoast SEO plugin. -->","yoast_head_json":{"title":"Reservation - TelecomSat","robots":{"index":"index","follow":"follow","max-snippet":"max-snippet:-1","max-image-preview":"max-image-preview:large","max-video-preview":"max-video-preview:-1"},"canonical":"https:\/\/telecomsat.ca\/en\/reservation\/","og_locale":"en_US","og_type":"article","og_title":"Reservation - TelecomSat","og_description":"ReservationReservation form for satellite phone rentalThe basic model offered for rent by Tel-Loc is the Iridium 9555 satellite phone, which provides pole-to-pole coverage anywhere on the planet. Rental includes the following items: Nanuk 904 protective case Leather case Vehicle charger and wall charger Basic information guide on using the phone All our phones are tested [&hellip;]","og_url":"https:\/\/telecomsat.ca\/en\/reservation\/","og_site_name":"TelecomSat","article_modified_time":"2022-06-02T14:02:08+00:00","twitter_card":"summary_large_image","twitter_misc":{"Est. reading time":"4 minutes"},"schema":{"@context":"https:\/\/schema.org","@graph":[{"@type":"WebPage","@id":"https:\/\/telecomsat.ca\/en\/reservation\/","url":"https:\/\/telecomsat.ca\/en\/reservation\/","name":"Reservation - TelecomSat","isPartOf":{"@id":"https:\/\/telecomsat.ca\/en\/#website"},"datePublished":"2021-03-17T17:04:26+00:00","dateModified":"2022-06-02T14:02:08+00:00","breadcrumb":{"@id":"https:\/\/telecomsat.ca\/en\/reservation\/#breadcrumb"},"inLanguage":"en-US","potentialAction":[{"@type":"ReadAction","target":["https:\/\/telecomsat.ca\/en\/reservation\/"]}]},{"@type":"BreadcrumbList","@id":"https:\/\/telecomsat.ca\/en\/reservation\/#breadcrumb","itemListElement":[{"@type":"ListItem","position":1,"name":"Accueil","item":"https:\/\/telecomsat.ca\/en\/"},{"@type":"ListItem","position":2,"name":"Reservation"}]},{"@type":"WebSite","@id":"https:\/\/telecomsat.ca\/en\/#website","url":"https:\/\/telecomsat.ca\/en\/","name":"TelecomSat","description":"Location de t\u00e9l\u00e9phone satellite au Qu\u00e9bec","publisher":{"@id":"https:\/\/telecomsat.ca\/en\/#organization"},"potentialAction":[{"@type":"SearchAction","target":{"@type":"EntryPoint","urlTemplate":"https:\/\/telecomsat.ca\/en\/?s={search_term_string}"},"query-input":{"@type":"PropertyValueSpecification","valueRequired":true,"valueName":"search_term_string"}}],"inLanguage":"en-US"},{"@type":"Organization","@id":"https:\/\/telecomsat.ca\/en\/#organization","name":"Telecomsat","url":"https:\/\/telecomsat.ca\/en\/","logo":{"@type":"ImageObject","inLanguage":"en-US","@id":"https:\/\/telecomsat.ca\/en\/#\/schema\/logo\/image\/","url":"https:\/\/telecomsat.ca\/wp-content\/uploads\/2022\/07\/logo-telecomsat-2.png","contentUrl":"https:\/\/telecomsat.ca\/wp-content\/uploads\/2022\/07\/logo-telecomsat-2.png","width":260,"height":120,"caption":"Telecomsat"},"image":{"@id":"https:\/\/telecomsat.ca\/en\/#\/schema\/logo\/image\/"}}]}},"_links":{"self":[{"href":"https:\/\/telecomsat.ca\/en\/wp-json\/wp\/v2\/pages\/572","targetHints":{"allow":["GET"]}}],"collection":[{"href":"https:\/\/telecomsat.ca\/en\/wp-json\/wp\/v2\/pages"}],"about":[{"href":"https:\/\/telecomsat.ca\/en\/wp-json\/wp\/v2\/types\/page"}],"author":[{"embeddable":true,"href":"https:\/\/telecomsat.ca\/en\/wp-json\/wp\/v2\/users\/1"}],"replies":[{"embeddable":true,"href":"https:\/\/telecomsat.ca\/en\/wp-json\/wp\/v2\/comments?post=572"}],"version-history":[{"count":3,"href":"https:\/\/telecomsat.ca\/en\/wp-json\/wp\/v2\/pages\/572\/revisions"}],"predecessor-version":[{"id":608,"href":"https:\/\/telecomsat.ca\/en\/wp-json\/wp\/v2\/pages\/572\/revisions\/608"}],"wp:attachment":[{"href":"https:\/\/telecomsat.ca\/en\/wp-json\/wp\/v2\/media?parent=572"}],"curies":[{"name":"wp","href":"https:\/\/api.w.org\/{rel}","templated":true}]}}